{"id":1934,"date":"2021-03-22T08:48:49","date_gmt":"2021-03-22T08:48:49","guid":{"rendered":"https:\/\/bik-ag.ch\/cambio-de-direccion\/"},"modified":"2021-03-31T06:14:33","modified_gmt":"2021-03-31T06:14:33","slug":"cambio-de-direccion","status":"publish","type":"page","link":"https:\/\/bik-ag.ch\/es\/cambio-de-direccion\/","title":{"rendered":"Cambio de direcci\u00f3n"},"content":{"rendered":"<div id='av_section_1'  class='avia-section av-kgjexoan-35ee84469a6591ff67210cae89b3e520 alternate_color avia-section-default avia-no-border-styling  avia-builder-el-0  el_before_av_section  avia-builder-el-first  avia-bg-style-scroll container_wrap fullsize'  ><div class='container av-section-cont-open' ><main  class='template-page content  av-content-full alpha units'><div class='post-entry post-entry-type-page post-entry-1934'><div class='entry-content-wrapper clearfix'>\n\n<style type=\"text\/css\" data-created_by=\"avia_inline_auto\" id=\"style-css-av-6zu3m-247b818eda01124cec040793e9ad2c6b\">\n#top .av-special-heading.av-6zu3m-247b818eda01124cec040793e9ad2c6b{\npadding-bottom:10px;\n}\nbody .av-special-heading.av-6zu3m-247b818eda01124cec040793e9ad2c6b .av-special-heading-tag .heading-char{\nfont-size:25px;\n}\n.av-special-heading.av-6zu3m-247b818eda01124cec040793e9ad2c6b .av-subheading{\nfont-size:15px;\n}\n<\/style>\n<div  class='av-special-heading av-6zu3m-247b818eda01124cec040793e9ad2c6b av-special-heading-h2 blockquote modern-quote  avia-builder-el-1  el_before_av_textblock  avia-builder-el-first '><h2 class='av-special-heading-tag '  >Cambio de direcci\u00f3n<\/h2><div class=\"special-heading-border\"><div class=\"special-heading-inner-border\"><\/div><\/div><\/div>\n<section  class='av_textblock_section av-kf8admsy-ed48fc1fef6222c5f5f6c20f4aff622e '  ><div class='avia_textblock' ><p>Cambio de direcci\u00f3n Si ha iniciado sesi\u00f3n en el sitio, puede cambiar su direcci\u00f3n aqu\u00ed.<\/p>\n<\/div><\/section>\n\n<\/div><\/div><\/main><!-- close content main element --><\/div><\/div><div id='av_section_2'  class='avia-section av-kg2d0fsa-b2f48daf5ee979dd312d8cef1155d166 main_color avia-section-default avia-no-border-styling  avia-builder-el-3  el_after_av_section  avia-builder-el-last  avia-bg-style-scroll container_wrap fullsize'  ><div class='container av-section-cont-open' ><div class='template-page content  av-content-full alpha units'><div class='post-entry post-entry-type-page post-entry-1934'><div class='entry-content-wrapper clearfix'>\n<form action=\"https:\/\/bik-ag.ch\/es\/cambio-de-direccion\/\" method=\"post\" data-fields-with-error=\"Found errors in the following field(s):\" class=\"avia_ajax_form av-form-labels-visible   avia-builder-el-4  avia-builder-el-no-sibling   \" data-avia-form-id=\"1\" data-avia-redirect='' ><h3 class=''>Cambia tu direcci\u00f3n aqu\u00ed<\/h3><fieldset><p class='  first_form  form_element form_element_third' id='element_avia_1_1'><label for=\"avia_1_1\">Ingrese el n\u00famero de placa <abbr class=\"required\" title=\"requerido\">*<\/abbr><\/label> <input name=\"avia_1_1\" class=\"text_input is_empty\" type=\"text\" id=\"avia_1_1\" value=\"\" \/><\/p><p class='  form_element form_element_third' id='element_avia_2_1'><label for=\"avia_2_1\">Nombre de pila <abbr class=\"required\" title=\"requerido\">*<\/abbr><\/label> <input name=\"avia_2_1\" class=\"text_input is_empty\" type=\"text\" id=\"avia_2_1\" value=\"\" \/><\/p><p class='  form_element form_element_third' id='element_avia_3_1'><label for=\"avia_3_1\">Nombre <abbr class=\"required\" title=\"requerido\">*<\/abbr><\/label> <input name=\"avia_3_1\" class=\"text_input is_empty\" type=\"text\" id=\"avia_3_1\" value=\"\" \/><\/p><div id='avia_4_1' class='av-form-text'><h4>Direcci\u00f3n antigua<\/h4>\n<\/div><p class='  first_form  form_element form_element_half' id='element_avia_5_1'><label for=\"avia_5_1\">Phone<\/label> <input name=\"avia_5_1\" class=\"text_input \" type=\"text\" id=\"avia_5_1\" value=\"\" \/><\/p><p class='  form_element form_element_fourth' id='element_avia_6_1'><label for=\"avia_6_1\">ZIP <abbr class=\"required\" title=\"requerido\">*<\/abbr><\/label> <input name=\"avia_6_1\" class=\"text_input is_empty\" type=\"text\" id=\"avia_6_1\" value=\"\" \/><\/p><p class='  form_element form_element_fourth' id='element_avia_7_1'><label for=\"avia_7_1\">Lugar <abbr class=\"required\" title=\"requerido\">*<\/abbr><\/label> <input name=\"avia_7_1\" class=\"text_input is_empty\" type=\"text\" id=\"avia_7_1\" value=\"\" \/><\/p><div id='avia_8_1' class='av-form-text'><h4>Nueva direccion<\/h4>\n<\/div><p class='  first_form  form_element form_element_half' id='element_avia_9_1'><label for=\"avia_9_1\">Phone <abbr class=\"required\" title=\"requerido\">*<\/abbr><\/label> <input name=\"avia_9_1\" class=\"text_input is_empty\" type=\"text\" id=\"avia_9_1\" value=\"\" \/><\/p><p class='  form_element form_element_fourth' id='element_avia_10_1'><label for=\"avia_10_1\">ZIP <abbr class=\"required\" title=\"requerido\">*<\/abbr><\/label> <input name=\"avia_10_1\" class=\"text_input is_empty\" type=\"text\" id=\"avia_10_1\" value=\"\" \/><\/p><p class='  form_element form_element_fourth' id='element_avia_11_1'><label for=\"avia_11_1\">Lugar <abbr class=\"required\" title=\"requerido\">*<\/abbr><\/label> <input name=\"avia_11_1\" class=\"text_input is_empty\" type=\"text\" id=\"avia_11_1\" value=\"\" \/><\/p><p class='  first_form  form_element form_element_third' id='element_avia_12_1'><label for=\"avia_12_1\">Desde cuando<\/label> <input name=\"avia_12_1\" class=\"avia_datepicker text_input \" type=\"text\" id=\"avia_12_1\" value=\"\" placeholder=\"DD \/ MM \/ YY\" inputmode=\"none\" \/><\/p><p class='  form_element form_element_third' id='element_avia_13_1'><label for=\"avia_13_1\">Telefono <abbr class=\"required\" title=\"requerido\">*<\/abbr><\/label> <input name=\"avia_13_1\" class=\"text_input is_phone\" type=\"text\" id=\"avia_13_1\" value=\"\" \/><\/p><p class='  form_element form_element_third' id='element_avia_14_1'><label for=\"avia_14_1\">Correo electr\u00f3nico <abbr class=\"required\" title=\"requerido\">*<\/abbr><\/label> <input name=\"avia_14_1\" class=\"text_input is_email\" type=\"text\" id=\"avia_14_1\" value=\"\" \/><\/p><p class='  first_form  form_element form_fullwidth' id='element_avia_15_1'><label for=\"avia_15_1\" class=\"textare_label hidden textare_label_avia_15_1\">Otra comunicaci\u00f3n a BIK<\/label><textarea  name=\"avia_15_1\" class=\"text_area \" cols=\"40\" rows=\"7\" id=\"avia_15_1\" ><\/textarea><\/p><p class=\"hidden\"><input type=\"text\" name=\"avia_16_1\" class=\"hidden \" id=\"avia_16_1\" value=\"\" \/><\/p><p class=' av_form_privacy_check av_contact_privacy_check first_form  form_element form_fullwidth' id='element_avia_17_1'><input  name=\"avia_17_1\" class=\"input_checkbox is_empty\" type=\"checkbox\" id=\"avia_17_1\" value=\"true\"\/><label class=\"input_checkbox_label\" for=\"avia_17_1\">I agree to the terms and conditions laid out in the <a href='https:\/\/bik-ag.ch\/datenschutzerklaerung\/' target='_blank'>Privacy Policy<\/a> <abbr class=\"required\" title=\"requerido\">*<\/abbr><\/label><\/p><p class=\"form_element \"><input type=\"hidden\" value=\"1\" name=\"avia_generated_form1\" \/><input type=\"submit\" value=\"Enviar\" class=\"button\"  data-sending-label=\"Enviando\"\/><\/p><\/fieldset><\/form><div id=\"ajaxresponse_1\" class=\"ajaxresponse ajaxresponse_1 hidden\"><\/div>\n\n","protected":false},"excerpt":{"rendered":"","protected":false},"author":1,"featured_media":0,"parent":0,"menu_order":0,"comment_status":"closed","ping_status":"closed","template":"","meta":{"footnotes":""},"class_list":["post-1934","page","type-page","status-publish","hentry"],"_links":{"self":[{"href":"https:\/\/bik-ag.ch\/es\/wp-json\/wp\/v2\/pages\/1934","targetHints":{"allow":["GET"]}}],"collection":[{"href":"https:\/\/bik-ag.ch\/es\/wp-json\/wp\/v2\/pages"}],"about":[{"href":"https:\/\/bik-ag.ch\/es\/wp-json\/wp\/v2\/types\/page"}],"author":[{"embeddable":true,"href":"https:\/\/bik-ag.ch\/es\/wp-json\/wp\/v2\/users\/1"}],"replies":[{"embeddable":true,"href":"https:\/\/bik-ag.ch\/es\/wp-json\/wp\/v2\/comments?post=1934"}],"version-history":[{"count":0,"href":"https:\/\/bik-ag.ch\/es\/wp-json\/wp\/v2\/pages\/1934\/revisions"}],"wp:attachment":[{"href":"https:\/\/bik-ag.ch\/es\/wp-json\/wp\/v2\/media?parent=1934"}],"curies":[{"name":"wp","href":"https:\/\/api.w.org\/{rel}","templated":true}]}}