{"id":2009,"date":"2021-03-22T10:49:02","date_gmt":"2021-03-22T10:49:02","guid":{"rendered":"https:\/\/bik-ag.ch\/datenschutzerklaerung\/"},"modified":"2021-03-22T11:06:27","modified_gmt":"2021-03-22T11:06:27","slug":"datenschutzerklaerung","status":"publish","type":"page","link":"https:\/\/bik-ag.ch\/es\/datenschutzerklaerung\/","title":{"rendered":"Protecci\u00f3n de Datos"},"content":{"rendered":"<h2>Protecci\u00f3n de Datos<\/h2>\n<p>El organismo responsable en el sentido de las leyes de protecci\u00f3n de datos, en particular el Reglamento General de Protecci\u00f3n de Datos de la UE (GDPR), es: BIK AG Sergio Habegger Postfach 3001 Berna Tel\u00e9fono: +41 79433 80 84 Correo electr\u00f3nico: info@onlineplaner.ch Sitio web : https: \/\/ bik- ag.ch\/<\/p>\n<h2>Observaci\u00f3n General<\/h2>\n<p>Basado en el Art\u00edculo 13 de la Constituci\u00f3n Federal Suiza y las regulaciones federales de protecci\u00f3n de datos (Ley de Protecci\u00f3n de Datos, DSG<\/p>\n<p>) toda persona tiene derecho a la protecci\u00f3n de su privacidad y a la protecci\u00f3n contra el uso indebido de sus datos personales. Los operadores de este sitio web se toman muy en serio la protecci\u00f3n de sus datos personales. Tratamos sus datos personales de forma confidencial y de acuerdo con la normativa legal de protecci\u00f3n de datos y esta declaraci\u00f3n de protecci\u00f3n de datos. En cooperaci\u00f3n con nuestros proveedores de alojamiento, nos esforzamos por proteger las bases de datos lo mejor posible contra el acceso no autorizado, la p\u00e9rdida, el uso indebido o la falsificaci\u00f3n. Nos gustar\u00eda se\u00f1alar que la transmisi\u00f3n de datos a trav\u00e9s de Internet (por ejemplo, cuando se comunica por correo electr\u00f3nico) puede tener brechas de seguridad. No es posible una protecci\u00f3n completa de los datos contra el acceso de terceros. Al utilizar este sitio web, usted acepta la recopilaci\u00f3n, el procesamiento y el uso de datos como se describe a continuaci\u00f3n. En principio, este sitio web se puede visitar sin necesidad de registrarse. Los datos como las p\u00e1ginas visitadas o el nombre del archivo accedido, la fecha y la hora se almacenan en el servidor con fines estad\u00edsticos sin que estos datos est\u00e9n directamente relacionados con su persona. Los datos personales, en particular el nombre, la direcci\u00f3n o la direcci\u00f3n de correo electr\u00f3nico, se recopilan de forma voluntaria en la medida de lo posible. Los datos no se ceder\u00e1n a terceros sin su consentimiento.<\/p>\n<h2>Tratamiento de datos personales<\/h2>\n<p>Los datos personales son toda la informaci\u00f3n que se relaciona con una persona espec\u00edfica o identificable. Un interesado es una persona sobre la que se procesan los datos personales. El procesamiento incluye todo el manejo de datos personales, independientemente de los medios y procedimientos utilizados, en particular el almacenamiento, divulgaci\u00f3n, obtenci\u00f3n, eliminaci\u00f3n, almacenamiento, modificaci\u00f3n, destrucci\u00f3n y uso de datos personales. Procesamos datos personales de acuerdo con la ley suiza de protecci\u00f3n de datos. Adem\u00e1s, procesamos, en la medida y en la medida en que el RGPD de la UE sea aplicable, datos personales de acuerdo con las siguientes bases legales en relaci\u00f3n con el Art. 6, p\u00e1rrafo 1 del RGPD.<\/p>\n<p><!--DSGVO--><\/p>\n<p>:<\/p>\n<ul>\n<li>lit. a) Tratamiento de datos personales con el consentimiento del interesado.<\/li>\n<li>lit.b) Tratamiento de datos personales para cumplir un contrato con el interesado y para llevar a cabo las correspondientes medidas precontractuales.<\/li>\n<li>c) Procesamiento de datos personales para cumplir una obligaci\u00f3n legal a la que estamos sujetos de acuerdo con cualquier ley aplicable de la UE o de acuerdo con cualquier ley aplicable de un pa\u00eds en el que el GDPR sea total o parcialmente aplicable.<\/li>\n<li>lit.d) Tratamiento de datos personales con el fin de proteger los intereses vitales del interesado o de otra persona f\u00edsica.<\/li>\n<li>letra f) Tratamiento de datos personales con el fin de salvaguardar los intereses leg\u00edtimos de nosotros o de terceros, siempre que no prevalezcan las libertades y derechos e intereses fundamentales del interesado. Los intereses leg\u00edtimos son, en particular, nuestros intereses comerciales en poder proporcionar nuestro sitio web, seguridad de la informaci\u00f3n, la ejecuci\u00f3n de nuestros propios reclamos legales y el cumplimiento de la ley suiza.<\/li>\n<\/ul>\n<p>Procesamos datos personales durante el tiempo que sea necesario para el prop\u00f3sito o prop\u00f3sitos respectivos. En el caso de obligaciones de almacenamiento m\u00e1s prolongadas debido a obligaciones legales y de otro tipo a las que estamos sujetos, limitamos el procesamiento en consecuencia.<\/p>\n<h2>Pol\u00edtica de privacidad de cookies<\/h2>\n<p>Este sitio utiliza cookies. Se trata de peque\u00f1os archivos de texto que permiten guardar informaci\u00f3n espec\u00edfica relacionada con el usuario en el dispositivo del usuario mientras utiliza el sitio web. Las cookies permiten, en particular, determinar la frecuencia de uso y el n\u00famero de usuarios de las p\u00e1ginas, analizar el comportamiento del uso de la p\u00e1gina, pero tambi\u00e9n hacer que nuestra oferta sea m\u00e1s accesible para el cliente.<\/p>\n<p>Las cookies se almacenan m\u00e1s all\u00e1 del final de la sesi\u00f3n del navegador y se pueden recuperar cuando vuelva a visitar el sitio. Si no desea esto, debe configurar su navegador de Internet para que se niegue a aceptar cookies. Se puede hacer una objeci\u00f3n general al uso de cookies utilizadas con fines de marketing en l\u00ednea para una gran cantidad de servicios, especialmente en el caso del seguimiento, a trav\u00e9s del sitio web de EE. UU. Http:\/\/www.aboutads.info\/choices\/ o el sitio web de la UE. http:\/\/www.youronlinechoices.com\/ para ser explicado. Adem\u00e1s, las cookies se pueden guardar desactiv\u00e1ndolas en la configuraci\u00f3n del navegador. Tenga en cuenta que es posible que no pueda utilizar todas las funciones de esta oferta en l\u00ednea.<\/p>\n<h2>Declaraci\u00f3n de protecci\u00f3n de datos para cifrado SSL \/ TLS<\/h2>\n<p>Este sitio web utiliza cifrado SSL \/ TLS por razones de seguridad y para proteger la transmisi\u00f3n de contenido confidencial, como las consultas que nos env\u00eda como operador del sitio web. Puede reconocer una conexi\u00f3n cifrada por el hecho de que la l\u00ednea de direcci\u00f3n del navegador cambia de \u00abhttp: \/\/\u00bb a \u00abhttps: \/\/\u00bb y por el s\u00edmbolo de candado en la l\u00ednea de su navegador. Si el cifrado SSL o TLS est\u00e1 activado, los datos que nos transmite no pueden ser le\u00eddos por terceros.<\/p>\n<h2>Declaraci\u00f3n de protecci\u00f3n de datos para archivos de registro del servidor<\/h2>\n<p>El proveedor de este sitio web recopila y almacena autom\u00e1ticamente informaci\u00f3n en los llamados archivos de registro del servidor, que su navegador nos transmite autom\u00e1ticamente. Estos son:<\/p>\n<ul>\n<li>Tipo de navegador y versi\u00f3n del navegador<\/li>\n<li>sistema operativo utilizado<\/li>\n<li>URL de referencia<\/li>\n<li>Nombre de host de la computadora que accede<\/li>\n<li>Hora de la solicitud del servidor<\/li>\n<\/ul>\n<p>Estos datos no se pueden asignar a personas espec\u00edficas. Estos datos no se combinar\u00e1n con otras fuentes de datos. Nos reservamos el derecho de verificar estos datos retrospectivamente si nos damos cuenta de indicios espec\u00edficos de uso ilegal.<\/p>\n<h2>Pol\u00edtica de privacidad del formulario de contacto<\/h2>\n<p>Si nos env\u00eda consultas mediante el formulario de contacto, almacenaremos sus datos del formulario de consulta, incluidos los datos de contacto que proporcion\u00f3 all\u00ed, con el fin de procesar la consulta y en caso de que surjan preguntas de seguimiento. No transmitimos estos datos sin su consentimiento.<\/p>\n<h2>Declaraci\u00f3n de protecci\u00f3n de datos para los datos del bolet\u00edn<\/h2>\n<p>Si desea recibir el bolet\u00edn que se ofrece en este sitio web, necesitamos una direcci\u00f3n de correo electr\u00f3nico suya, as\u00ed como informaci\u00f3n que nos permita verificar que usted es el propietario de la direcci\u00f3n de correo electr\u00f3nico proporcionada y que acepta recibir la bolet\u00edn de noticias. No se recopilan m\u00e1s datos. Utilizamos estos datos exclusivamente para enviar la informaci\u00f3n solicitada y no los transmitimos a terceros. Puede revocar su consentimiento para el almacenamiento de los datos, la direcci\u00f3n de correo electr\u00f3nico y su uso para enviar el bolet\u00edn en cualquier momento, por ejemplo, a trav\u00e9s del enlace \u00abcancelar suscripci\u00f3n\u00bb en el bolet\u00edn.<\/p>\n<h2>Servicios de pago<\/h2>\n<p>Para la prestaci\u00f3n de servicios con cargo, solicitamos datos adicionales, como detalles de pago para procesar su pedido o Para poder realizar su pedido. Almacenamos estos datos en nuestros sistemas hasta que expiren los per\u00edodos de retenci\u00f3n legales.<\/p>\n<h2>Uso de Google Maps<\/h2>\n<p>Este sitio web utiliza la oferta de Google Maps. Esto nos permite mostrarle mapas interactivos directamente en el sitio web y le permite utilizar c\u00f3modamente la funci\u00f3n de mapa. Cuando visita el sitio web, Google recibe la informaci\u00f3n de que ha accedido a la subp\u00e1gina correspondiente de nuestro sitio web. Esto sucede independientemente de si Google proporciona una cuenta de usuario en la que ha iniciado sesi\u00f3n o si no hay una cuenta de usuario. Si ha iniciado sesi\u00f3n en Google, sus datos se asignar\u00e1n directamente a su cuenta. Si no desea que se le asigne a su perfil en Google, debe cerrar la sesi\u00f3n antes de activar el bot\u00f3n. Google guarda sus datos como un perfil de uso y los utiliza para publicidad, estudios de mercado y \/ o dise\u00f1o de su sitio web basado en las necesidades. Dicha evaluaci\u00f3n se lleva a cabo en particular (incluso para los usuarios que no han iniciado sesi\u00f3n) para proporcionar publicidad basada en las necesidades e informar a otros usuarios de la red social sobre sus actividades en nuestro sitio web. Tiene derecho a oponerse a la creaci\u00f3n de estos perfiles de usuario, aunque deber\u00e1 ponerse en contacto con Google para ejercer este derecho. Para obtener m\u00e1s informaci\u00f3n sobre el prop\u00f3sito y el alcance de la recopilaci\u00f3n de datos y su procesamiento por parte de Google, junto con m\u00e1s informaci\u00f3n sobre sus derechos a este respecto y las opciones de configuraci\u00f3n para proteger su privacidad, visite: www.google.de\/intl\/de\/policies \/intimidad.<\/p>\n<h2>Declaraci\u00f3n de protecci\u00f3n de datos para Google Analytics<\/h2>\n<p>Este sitio web utiliza Google Analytics, un servicio de an\u00e1lisis web de Google Ireland Limited. Si la persona responsable del procesamiento de datos en este sitio web se encuentra fuera del Espacio Econ\u00f3mico Europeo o Suiza, el procesamiento de datos de Google Analytics lo lleva a cabo Google LLC. Google LLC y Google Ireland Limited se denominan en lo sucesivo \u00abGoogle\u00bb. Podemos utilizar las estad\u00edsticas obtenidas para mejorar nuestra oferta y hacerla m\u00e1s interesante para usted como usuario. Este sitio web tambi\u00e9n utiliza Google Analytics para un an\u00e1lisis multidispositivo de los flujos de visitantes, que se lleva a cabo a trav\u00e9s de una identificaci\u00f3n de usuario. Si tiene una cuenta de usuario de Google, puede desactivar el an\u00e1lisis multidispositivo de su uso en la configuraci\u00f3n que se encuentra en \u00abMis datos\u00bb, \u00abDatos personales\u00bb. La base legal para el uso de Google Analytics es el art\u00edculo 6, p\u00e1rrafo 1, frase 1, letra f del RGPD. La direcci\u00f3n IP transmitida por su navegador como parte de Google Analytics no se fusionar\u00e1 con otros datos de Google. Nos gustar\u00eda se\u00f1alar que en este sitio web Google Analytics ha agregado el c\u00f3digo \u00ab_anonymizeIp ();\u00bb se ha ampliado para garantizar una recopilaci\u00f3n an\u00f3nima de direcciones IP. Como resultado, las direcciones IP se procesan a\u00fan m\u00e1s en forma abreviada, por lo que se pueden descartar referencias personales. Si los datos recopilados sobre usted pueden vincularse a una persona, esta se excluir\u00e1 de inmediato y los datos personales se eliminar\u00e1n de inmediato. La direcci\u00f3n IP completa solo se transmitir\u00e1 a un servidor de Google en EE. UU. Y se acortar\u00e1 all\u00ed en casos excepcionales. En nombre del operador de este sitio web, Google utilizar\u00e1 esta informaci\u00f3n para evaluar su uso del sitio web, para compilar informes sobre la actividad del sitio web y para proporcionar al operador del sitio web otros servicios relacionados con la actividad del sitio web y el uso de Internet. Para los casos excepcionales en los que se transfieren datos personales a EE. UU., Google se ha sometido al Escudo de privacidad UE-EE. UU., Https:\/\/www.privacyshield.gov\/EU-US-Framework. Google Analytics utiliza cookies. La informaci\u00f3n generada por la cookie sobre su uso de este sitio web generalmente se transfiere a un servidor de Google en los EE. UU. Y se almacena all\u00ed. Puede evitar el almacenamiento de cookies configurando el software de su navegador en consecuencia; Sin embargo, nos gustar\u00eda se\u00f1alar que, en este caso, es posible que no pueda utilizar todas las funciones de este sitio web en toda su extensi\u00f3n. Tambi\u00e9n puede evitar que Google recopile los datos generados por la cookie y relacionados con su uso del sitio web (incluida su direcci\u00f3n IP) y que procese estos datos por parte de Google descargando el complemento del navegador disponible en el siguiente enlace e instale: Desactivar Google analitico. Tambi\u00e9n puede evitar el uso de Google Analytics haciendo clic en este enlace: Desactivar Google Analytics. Esto guarda una cookie de exclusi\u00f3n voluntaria en su soporte de datos, que impide el procesamiento de datos personales por parte de Google Analytics. Tenga en cuenta que si elimina todas las cookies en su dispositivo, estas cookies de exclusi\u00f3n voluntaria tambi\u00e9n se eliminar\u00e1n, es decir, tendr\u00e1 que configurar las cookies de exclusi\u00f3n voluntaria nuevamente si desea continuar impidiendo esta forma de recopilaci\u00f3n de datos. Las cookies de exclusi\u00f3n voluntaria se establecen por navegador y computadora \/ dispositivo y, por lo tanto, deben activarse por separado para cada navegador, computadora u otro dispositivo.<\/p>\n<h2>Declaraci\u00f3n de protecci\u00f3n de datos para el uso de Google Web Fonts<\/h2>\n<p>Este sitio web utiliza las denominadas fuentes web proporcionadas por Google para la representaci\u00f3n uniforme de las fuentes. Cuando abre una p\u00e1gina, su navegador carga las fuentes web necesarias en la memoria cach\u00e9 de su navegador para mostrar los textos y las fuentes correctamente. Si su navegador no admite fuentes web, su computadora utilizar\u00e1 una fuente est\u00e1ndar. Puede encontrar m\u00e1s informaci\u00f3n sobre Google Web Fonts en https:\/\/developers.google.com\/fonts\/faq y en la pol\u00edtica de privacidad de Google: https:\/\/www.google.com\/policies\/privacy\/<\/p>\n<h2>Declaraci\u00f3n de protecci\u00f3n de datos para YouTube<\/h2>\n<p>Las funciones del servicio \u00abYouTube\u00bb est\u00e1n integradas en este sitio web. \u00abYouTube\u00bb pertenece a Google Ireland Limited, una empresa registrada y operada bajo la ley irlandesa con domicilio social en Gordon House, Barrow Street, Dubl\u00edn 4, Irlanda, que opera los servicios en el Espacio Econ\u00f3mico Europeo y Suiza. Su acuerdo legal con \u00abYouTube\u00bb consta de los t\u00e9rminos y condiciones que se pueden encontrar en el siguiente enlace: https:\/\/www.youtube.com\/static?gl=de&amp;template=terms&amp;hl=de. Estas disposiciones forman un acuerdo legalmente vinculante entre usted y \u00abYouTube\u00bb con respecto al uso de los servicios. La pol\u00edtica de privacidad de Google explica c\u00f3mo \u00abYouTube\u00bb maneja sus datos personales y protege sus datos cuando usa el servicio.<\/p>\n<p>Procesamiento de pedidos en la tienda online con una cuenta de cliente<\/p>\n<p>Procesamos los datos de nuestros clientes de acuerdo con las regulaciones de protecci\u00f3n de datos del gobierno federal (Ley de Protecci\u00f3n de Datos, DSG) y la EU-DSGVO, como parte de los procesos de pedido en nuestra tienda en l\u00ednea, para permitirles seleccionar y ordenar los productos y servicios seleccionados, as\u00ed como su pago y entrega, o para permitir su ejecuci\u00f3n. Los datos procesados \u200b\u200bincluyen datos maestros (datos de inventario), datos de comunicaci\u00f3n, datos de contrato, datos de pago y las personas afectadas por el procesamiento incluyen nuestros clientes, partes interesadas y otros socios comerciales. El procesamiento tiene lugar con el fin de proporcionar servicios contractuales en el contexto del funcionamiento de una tienda en l\u00ednea, facturaci\u00f3n, entrega y servicios al cliente. Usamos cookies de sesi\u00f3n, por ejemplo, para almacenar el contenido del carrito de compras, y cookies permanentes, por ejemplo, para almacenar el estado de inicio de sesi\u00f3n. El procesamiento se realiza sobre la base del art\u00edculo 6, p\u00e1rrafo 1, letra b (ejecuci\u00f3n de procesos de pedido) yc (archivo legalmente requerido) del RGPD. La informaci\u00f3n marcada como necesaria es necesaria para el establecimiento y cumplimiento del contrato. Solo divulgamos los datos a terceros en el marco de la entrega, el pago o en el marco de los permisos y obligaciones legales. Los datos solo se procesan en terceros pa\u00edses si esto es necesario para cumplir con el contrato (por ejemplo, a solicitud del cliente para la entrega o el pago). Los usuarios pueden, opcionalmente, crear una cuenta de usuario en la que pueden ver sus pedidos en particular. Como parte del registro, la informaci\u00f3n obligatoria requerida se comunica a los usuarios. Las cuentas de usuario no son p\u00fablicas y no pueden ser indexadas por motores de b\u00fasqueda, por ejemplo, Google. Si los usuarios han cancelado su cuenta de usuario, sus datos se eliminar\u00e1n con respecto a la cuenta de usuario, sujeto a que su retenci\u00f3n sea necesaria por razones comerciales o fiscales de acuerdo con el Art. 6, p\u00e1rrafo 1, letra c, del RGPD. La informaci\u00f3n en la cuenta del cliente permanece hasta que se borra y se archiva posteriormente en caso de una obligaci\u00f3n legal. Depende de los usuarios guardar sus datos en caso de rescisi\u00f3n antes de la finalizaci\u00f3n del contrato. Como parte del registro y los inicios de sesi\u00f3n renovados, as\u00ed como el uso de nuestros servicios en l\u00ednea, guardamos la direcci\u00f3n IP y la hora de la acci\u00f3n del usuario respectivo. El almacenamiento se realiza sobre la base de nuestros intereses leg\u00edtimos, as\u00ed como de los usuarios en protecci\u00f3n contra el uso indebido y otro uso no autorizado. Por lo general, estos datos no se transmiten a terceros a menos que sea necesario para perseguir nuestras reclamaciones o exista una obligaci\u00f3n legal de hacerlo de conformidad con el art\u00edculo 6 (1) (c) del RGPD. La eliminaci\u00f3n tiene lugar despu\u00e9s de la expiraci\u00f3n de la garant\u00eda legal y obligaciones comparables, la necesidad de almacenar los datos se verifica a intervalos irregulares. En el caso de las obligaciones legales de archivo, la eliminaci\u00f3n se produce despu\u00e9s de su expiraci\u00f3n.<\/p>\n<h2>Nota sobre la transferencia de datos a EE. UU.<\/h2>\n<p>Las herramientas de empresas con sede en EE. UU. Est\u00e1n integradas en nuestro sitio web. Cuando estas herramientas est\u00e1n activas, sus datos personales pueden transmitirse a los servidores estadounidenses de las respectivas empresas. Nos gustar\u00eda se\u00f1alar que EE. UU. No es un tercer pa\u00eds seguro en el sentido de la ley de protecci\u00f3n de datos de la UE. Las empresas estadounidenses est\u00e1n obligadas a divulgar datos personales a las autoridades de seguridad sin que usted, como persona interesada, pueda emprender acciones legales contra esto. Por lo tanto, no se puede descartar que las autoridades estadounidenses (por ejemplo, los servicios secretos) procesen, eval\u00faen y almacenen permanentemente sus datos en servidores estadounidenses con fines de supervisi\u00f3n. No tenemos ninguna influencia sobre estas actividades de procesamiento.<\/p>\n<h2>Derechos de autor<\/h2>\n<p>Los derechos de autor y todos los dem\u00e1s derechos sobre el contenido, las im\u00e1genes, las fotos u otros archivos del sitio web pertenecen exclusivamente al operador de este sitio web oa los titulares de derechos espec\u00edficamente nombrados. El consentimiento por escrito del titular de los derechos de autor debe obtenerse por adelantado para la reproducci\u00f3n de todos los archivos. Quien cometa una infracci\u00f3n de derechos de autor sin el consentimiento del respectivo titular de los derechos puede ser procesado y posiblemente responsable por da\u00f1os y perjuicios.<\/p>\n<p>Descargo de responsabilidad general<\/p>\n<p>Toda la informaci\u00f3n de este sitio web ha sido revisada cuidadosamente. Nos esforzamos en brindar nuestra informaci\u00f3n ofreci\u00e9ndola actualizada, correcta y completa. No obstante, no se puede descartar completamente la aparici\u00f3n de errores, por lo que no podemos garantizar la integridad, correcci\u00f3n y actualidad de la informaci\u00f3n, incluidas las de car\u00e1cter period\u00edstico y editorial. Quedan excluidas las reclamaciones de responsabilidad por da\u00f1os materiales o inmateriales causados \u200b\u200bpor el uso de la informaci\u00f3n proporcionada, a menos que se pueda demostrar que hubo dolo o negligencia grave. El editor puede cambiar o eliminar textos a su propia discreci\u00f3n y sin previo aviso y no est\u00e1 obligado a actualizar el contenido de este sitio web. El uso o acceso a este sitio web es por cuenta y riesgo del visitante. El editor, sus clientes o socios no son responsables de los da\u00f1os, tales como directos, indirectos, accidentales, espec\u00edficamente por determinar de antemano o da\u00f1os consecuentes, que supuestamente resultaron de la visita a este sitio web y, en consecuencia, no asumen ninguna responsabilidad por esto. El editor tampoco asume responsabilidad alguna por el contenido y la disponibilidad de sitios web de terceros a los que se puede acceder a trav\u00e9s de enlaces externos en este sitio web. Los operadores de las p\u00e1ginas enlazadas son los \u00fanicos responsables de su contenido. Por tanto, el editor se distancia expresamente de todo contenido de terceros que pueda ser relevante en virtud de la ley penal o de responsabilidad o que sea contrario a la decencia com\u00fan.<\/p>\n<h2>Cambios<\/h2>\n<p>Podemos adaptar esta declaraci\u00f3n de protecci\u00f3n de datos en cualquier momento sin previo aviso. Se aplica la versi\u00f3n actual publicada en nuestro sitio web. En la medida en que la declaraci\u00f3n de protecci\u00f3n de datos sea parte de un acuerdo con usted, le informaremos del cambio en caso de una actualizaci\u00f3n por correo electr\u00f3nico o de otra manera adecuada.<\/p>\n<h2>Preguntas al delegado de protecci\u00f3n de datos<\/h2>\n<p>Si tiene alguna pregunta sobre la protecci\u00f3n de datos, escr\u00edbanos un correo electr\u00f3nico o comun\u00edquese con la persona responsable de la protecci\u00f3n de datos en nuestra organizaci\u00f3n que figura al comienzo de la declaraci\u00f3n de protecci\u00f3n de datos. Berna, 30 de octubre de 2020<\/p>\n<p>Fuente: SwissAnwalt<\/p>\n<p><a style=\"font-size: 16px;\" href=\"https:\/\/www.swissanwalt.ch\" target=\"_blank\" rel=\"noopener noreferrer\">SwissAnwalt<\/a><\/p>\n<p><!--Bitte beachten Sie die AGB von SwissAnwalt betreffend allf\u00e4llig anfallenden Kosten bei Weglassen der Quelle!--><\/p>\n","protected":false},"excerpt":{"rendered":"<p>Protecci\u00f3n de Datos El organismo responsable en el sentido de las leyes de protecci\u00f3n de datos, en particular el Reglamento General de Protecci\u00f3n de Datos de la UE (GDPR), es: BIK AG Sergio Habegger Postfach 3001 Berna Tel\u00e9fono: +41 79433 80 84 Correo electr\u00f3nico: info@onlineplaner.ch Sitio web : https: \/\/ bik- ag.ch\/ Observaci\u00f3n General Basado [&hellip;]<\/p>\n","protected":false},"author":1,"featured_media":0,"parent":0,"menu_order":0,"comment_status":"closed","ping_status":"closed","template":"","meta":{"footnotes":""},"class_list":["post-2009","page","type-page","status-publish","hentry"],"_links":{"self":[{"href":"https:\/\/bik-ag.ch\/es\/wp-json\/wp\/v2\/pages\/2009","targetHints":{"allow":["GET"]}}],"collection":[{"href":"https:\/\/bik-ag.ch\/es\/wp-json\/wp\/v2\/pages"}],"about":[{"href":"https:\/\/bik-ag.ch\/es\/wp-json\/wp\/v2\/types\/page"}],"author":[{"embeddable":true,"href":"https:\/\/bik-ag.ch\/es\/wp-json\/wp\/v2\/users\/1"}],"replies":[{"embeddable":true,"href":"https:\/\/bik-ag.ch\/es\/wp-json\/wp\/v2\/comments?post=2009"}],"version-history":[{"count":0,"href":"https:\/\/bik-ag.ch\/es\/wp-json\/wp\/v2\/pages\/2009\/revisions"}],"wp:attachment":[{"href":"https:\/\/bik-ag.ch\/es\/wp-json\/wp\/v2\/media?parent=2009"}],"curies":[{"name":"wp","href":"https:\/\/api.w.org\/{rel}","templated":true}]}}