{"id":2040,"date":"2021-03-22T11:36:04","date_gmt":"2021-03-22T11:36:04","guid":{"rendered":"https:\/\/bik-ag.ch\/imprimir\/"},"modified":"2021-03-22T11:36:04","modified_gmt":"2021-03-22T11:36:04","slug":"imprimir","status":"publish","type":"page","link":"https:\/\/bik-ag.ch\/es\/imprimir\/","title":{"rendered":"imprimir"},"content":{"rendered":"<p><strong>BIK AG<\/strong><\/p>\n<p>3001 Berna<\/p>\n<p>Tel. +41 31 312 11 70<br \/>\nFax. +41 31 312 04 43<br \/>\n<a href=\"https:\/\/www.bik-ag.ch\">www.bik-ag.ch<\/a><br \/>\n<a href=\"mailto:info@bik-ag.ch\">info@bik-ag.ch<\/a><\/p>\n<p>Contacto telef\u00f3nico:<br \/>\nMo.\u2014 P. 9.00 &#8211; 12.00 horas<\/p>\n<p><strong>N\u00famero de valor agregado<\/strong><br \/>\nCHE-104.057.399<\/p>\n<p><strong>Sitio web de concepto<\/strong><\/p>\n<p>Fritz Spohn, Motivaci\u00f3n Spohn, <a href=\"mailto:info@spohn.ch\">info@spohn.ch<\/a>, <a href=\"https:\/\/spohn.ch\" target=\"_blank\" rel=\"noopener noreferrer\">www.spohn.ch<\/a><\/p>\n<p><strong>Sitio web de implementaci\u00f3n<\/strong><\/p>\n<p>Servicio Rolf, Onlineplaner, <a href=\"mailto:info@onlineplaner.ch\">info@onlineplaner.ch<\/a>, <a href=\"https:\/\/onlineplaner.ch\" target=\"_blank\" rel=\"noopener noreferrer\">www.onlineplaner.ch<\/a><\/p>\n<p><strong>Exenci\u00f3n de responsabilidad<\/strong><\/p>\n<p>El autor no asume ninguna responsabilidad por la exactitud, exactitud, puntualidad, confiabilidad e integridad de la informaci\u00f3n.<\/p>\n<p>Se excluyen las reclamaciones de responsabilidad contra el autor por da\u00f1os materiales o inmateriales resultantes del acceso, uso o no uso de la informaci\u00f3n publicada, del mal uso de la conexi\u00f3n o de fallas t\u00e9cnicas.<\/p>\n<p>Todas las ofertas son sin compromiso. El autor se reserva expresamente el derecho de cambiar, agregar o eliminar partes de las p\u00e1ginas o la oferta completa o de suspender temporal o permanentemente la publicaci\u00f3n sin previo aviso.<\/p>\n<p><strong>Descargo de responsabilidad por enlaces<\/strong><\/p>\n<p>Las referencias y enlaces a sitios web de terceros est\u00e1n fuera de nuestra \u00e1rea de responsabilidad. Rechaz\u00f3 cualquier responsabilidad por dichos sitios web. El acceso y uso de dichos sitios web es por cuenta y riesgo del usuario.<\/p>\n<p><strong>Derechos de autor<\/strong><\/p>\n<p>Los derechos de autor y todos los dem\u00e1s derechos sobre el contenido, las im\u00e1genes, las fotos u otros archivos de este sitio web pertenecen exclusivamente <strong>de la empresa Bik-Schl\u00fcsselfund-Service AG<\/strong> o los titulares de derechos espec\u00edficamente nombrados. Se debe obtener previamente el consentimiento por escrito del titular de los derechos de autor para la reproducci\u00f3n de cualquier elemento.<\/p>\n","protected":false},"excerpt":{"rendered":"<p>BIK AG 3001 Berna Tel. +41 31 312 11 70 Fax. +41 31 312 04 43 www.bik-ag.ch info@bik-ag.ch Contacto telef\u00f3nico: Mo.\u2014 P. 9.00 &#8211; 12.00 horas N\u00famero de valor agregado CHE-104.057.399 Sitio web de concepto Fritz Spohn, Motivaci\u00f3n Spohn, info@spohn.ch, www.spohn.ch Sitio web de implementaci\u00f3n Servicio Rolf, Onlineplaner, info@onlineplaner.ch, www.onlineplaner.ch Exenci\u00f3n de responsabilidad El autor [&hellip;]<\/p>\n","protected":false},"author":1,"featured_media":0,"parent":0,"menu_order":0,"comment_status":"closed","ping_status":"closed","template":"","meta":{"footnotes":""},"class_list":["post-2040","page","type-page","status-publish","hentry"],"_links":{"self":[{"href":"https:\/\/bik-ag.ch\/es\/wp-json\/wp\/v2\/pages\/2040","targetHints":{"allow":["GET"]}}],"collection":[{"href":"https:\/\/bik-ag.ch\/es\/wp-json\/wp\/v2\/pages"}],"about":[{"href":"https:\/\/bik-ag.ch\/es\/wp-json\/wp\/v2\/types\/page"}],"author":[{"embeddable":true,"href":"https:\/\/bik-ag.ch\/es\/wp-json\/wp\/v2\/users\/1"}],"replies":[{"embeddable":true,"href":"https:\/\/bik-ag.ch\/es\/wp-json\/wp\/v2\/comments?post=2040"}],"version-history":[{"count":0,"href":"https:\/\/bik-ag.ch\/es\/wp-json\/wp\/v2\/pages\/2040\/revisions"}],"wp:attachment":[{"href":"https:\/\/bik-ag.ch\/es\/wp-json\/wp\/v2\/media?parent=2040"}],"curies":[{"name":"wp","href":"https:\/\/api.w.org\/{rel}","templated":true}]}}