{"id":2049,"date":"2021-03-22T11:47:19","date_gmt":"2021-03-22T11:47:19","guid":{"rendered":"https:\/\/bik-ag.ch\/parte-2-producto-zodiac\/"},"modified":"2021-03-22T11:47:19","modified_gmt":"2021-03-22T11:47:19","slug":"parte-2-producto-zodiac","status":"publish","type":"page","link":"https:\/\/bik-ag.ch\/es\/parte-2-producto-zodiac\/","title":{"rendered":"Parte 2 producto zodiac"},"content":{"rendered":"<div class=\"\"><b class=\"\">Nuestras insignias clave BIK<\/b><\/div>\n<div class=\"\"><\/div>\n<div class=\"\">Solicite nuestra insignia o distintivos est\u00e1ndar m\u00e1s vendidos con un signo del zod\u00edaco o una cruz suiza. Etiqueta de seguridad fabricada con la plata alemana m\u00e1s dura, con su n\u00famero de c\u00f3digo personal.<\/div>\n<div class=\"\"><\/div>\n<div class=\"\"><b class=\"\">Una preocupaci\u00f3n menos: <\/b>Si se pierde la llave, el 95% de todos los buscadores la arrojan al buz\u00f3n de correos m\u00e1s cercano o contacta a BIK. De esta manera, puede recuperar sus llaves r\u00e1pidamente. Eso ahorra muchos problemas y dinero.<\/div>\n<div class=\"\"><\/div>\n<div class=\"\"><b class=\"\">Todo incluido:<\/b> Despu\u00e9s de realizar el pedido, recibir\u00e1 su tarjeta de identificaci\u00f3n con un certificado de garant\u00eda de 8 a\u00f1os y su n\u00famero individual. Se incluyen devoluciones certificadas, nuevas credenciales en caso de p\u00e9rdida y todos los cambios de direcci\u00f3n. Las insignias son transferibles previa consulta. Sin renovaci\u00f3n autom\u00e1tica. Se le notificar\u00e1 si desea renovar.<\/div>\n<div class=\"\"><\/div>\n<div class=\"\"><b class=\"\">Cuantas insignias? <\/b><span class=\"\">No olvide pedir suficientes insignias para todos los llaveros de su hogar. BIK existe desde hace casi 40 a\u00f1os. Puede confiar en nosotros. <\/span><\/div>\n<div class=\"\"><\/div>\n<div class=\"\"><b class=\"\">Texto posterior: <\/b><span class=\"\">Por favor, d\u00e9jame desempaquetado en un buz\u00f3n, \u00a1gracias! Para ser depositado en el siguiente apartado de correos \u00a1gracias! Por favor, coloque en el siguiente buz\u00f3n de correo. \u00a1Gracias!<\/span><\/div>\n<div class=\"\"><\/div>\n<div class=\"\"><b class=\"\">Gastos de env\u00edo Suiza y Liechtenstein<\/b><br \/>\ndel P. 100.- gratis, bajo el P. Se cobrar\u00e1n CHF 100.00 por CHF 2.00 por pedido.<\/div>\n<div class=\"\"><\/div>\n<div class=\"\"><b class=\"\">Gastos de env\u00edo para Alemania, Austria, Italia y Francia<\/b><br \/>\nTarifa plana Fr 4.- por pedido.<\/div>\n","protected":false},"excerpt":{"rendered":"<p>Nuestras insignias clave BIK Solicite nuestra insignia o distintivos est\u00e1ndar m\u00e1s vendidos con un signo del zod\u00edaco o una cruz suiza. Etiqueta de seguridad fabricada con la plata alemana m\u00e1s dura, con su n\u00famero de c\u00f3digo personal. Una preocupaci\u00f3n menos: Si se pierde la llave, el 95% de todos los buscadores la arrojan al buz\u00f3n [&hellip;]<\/p>\n","protected":false},"author":1,"featured_media":0,"parent":0,"menu_order":0,"comment_status":"closed","ping_status":"closed","template":"","meta":{"footnotes":""},"class_list":["post-2049","page","type-page","status-publish","hentry"],"_links":{"self":[{"href":"https:\/\/bik-ag.ch\/es\/wp-json\/wp\/v2\/pages\/2049","targetHints":{"allow":["GET"]}}],"collection":[{"href":"https:\/\/bik-ag.ch\/es\/wp-json\/wp\/v2\/pages"}],"about":[{"href":"https:\/\/bik-ag.ch\/es\/wp-json\/wp\/v2\/types\/page"}],"author":[{"embeddable":true,"href":"https:\/\/bik-ag.ch\/es\/wp-json\/wp\/v2\/users\/1"}],"replies":[{"embeddable":true,"href":"https:\/\/bik-ag.ch\/es\/wp-json\/wp\/v2\/comments?post=2049"}],"version-history":[{"count":0,"href":"https:\/\/bik-ag.ch\/es\/wp-json\/wp\/v2\/pages\/2049\/revisions"}],"wp:attachment":[{"href":"https:\/\/bik-ag.ch\/es\/wp-json\/wp\/v2\/media?parent=2049"}],"curies":[{"name":"wp","href":"https:\/\/api.w.org\/{rel}","templated":true}]}}