{"id":2103,"date":"2021-03-22T12:05:27","date_gmt":"2021-03-22T12:05:27","guid":{"rendered":"https:\/\/bik-ag.ch\/llaves-sin-direccion-que-no-se-pueden-entregar\/"},"modified":"2024-08-27T11:45:39","modified_gmt":"2024-08-27T11:45:39","slug":"llaves-sin-direccion-que-no-se-pueden-entregar","status":"publish","type":"page","link":"https:\/\/bik-ag.ch\/es\/llaves-sin-direccion-que-no-se-pueden-entregar\/","title":{"rendered":"Llaves sin direcci\u00f3n que no se pueden entregar"},"content":{"rendered":"<div id='av_section_1'  class='avia-section av-kgw4uez3-e98a3dd9fa7830059542371048899243 alternate_color avia-section-default avia-no-border-styling  avia-builder-el-0  el_before_av_section  avia-builder-el-first  avia-bg-style-scroll container_wrap fullsize'  ><div class='container av-section-cont-open' ><main  class='template-page content  av-content-full alpha units'><div class='post-entry post-entry-type-page post-entry-2103'><div class='entry-content-wrapper clearfix'>\n\n<style type=\"text\/css\" data-created_by=\"avia_inline_auto\" id=\"style-css-av-bnrbi-eb8c25a454d0e2e5e1db5bdee2e871dd\">\n#top .av-special-heading.av-bnrbi-eb8c25a454d0e2e5e1db5bdee2e871dd{\npadding-bottom:10px;\n}\nbody .av-special-heading.av-bnrbi-eb8c25a454d0e2e5e1db5bdee2e871dd .av-special-heading-tag .heading-char{\nfont-size:25px;\n}\n.av-special-heading.av-bnrbi-eb8c25a454d0e2e5e1db5bdee2e871dd .av-subheading{\nfont-size:15px;\n}\n<\/style>\n<div  class='av-special-heading av-bnrbi-eb8c25a454d0e2e5e1db5bdee2e871dd av-special-heading-h2 blockquote modern-quote  avia-builder-el-1  el_before_av_textblock  avia-builder-el-first '><h2 class='av-special-heading-tag '  >Llaves sin direcci\u00f3n que no se pueden entregar<\/h2><div class=\"special-heading-border\"><div class=\"special-heading-inner-border\"><\/div><\/div><\/div>\n<section  class='av_textblock_section av-kg2d8g40-c50715cd92ceea9228c1c3d3ee7b81a6 '  ><div class='avia_textblock' ><p>En casos excepcionales, lamentablemente ya no es posible encontrar una direcci\u00f3n v\u00e1lida de un miembro despu\u00e9s de algunos a\u00f1os, y todos los n\u00fameros de tel\u00e9fono y direcciones de correo electr\u00f3nico no conducen a ning\u00fan destino. Estas llaves son nuestros ni\u00f1os hu\u00e9rfanos o preocupados.<\/p>\n<p>Si asume que estas son sus claves, por favor cont\u00e1ctenos.<\/p>\n<p>Muchas gracias<\/p>\n<p>Tu equipo de BIK<\/p>\n<\/div><\/section>\n\n<\/div><\/div><\/main><!-- close content main element --><\/div><\/div><div id='av_section_2'  class='avia-section av-kg2d8x19-9eea9a84ae9b19204f2d155c24ed9cb5 main_color avia-section-default avia-no-border-styling  avia-builder-el-3  el_after_av_section  avia-builder-el-last  avia-bg-style-scroll container_wrap fullsize'  ><div class='container av-section-cont-open' ><div class='template-page content  av-content-full alpha units'><div class='post-entry post-entry-type-page post-entry-2103'><div class='entry-content-wrapper clearfix'>\n\n","protected":false},"excerpt":{"rendered":"","protected":false},"author":1,"featured_media":0,"parent":0,"menu_order":0,"comment_status":"closed","ping_status":"closed","template":"","meta":{"footnotes":""},"class_list":["post-2103","page","type-page","status-publish","hentry"],"_links":{"self":[{"href":"https:\/\/bik-ag.ch\/es\/wp-json\/wp\/v2\/pages\/2103","targetHints":{"allow":["GET"]}}],"collection":[{"href":"https:\/\/bik-ag.ch\/es\/wp-json\/wp\/v2\/pages"}],"about":[{"href":"https:\/\/bik-ag.ch\/es\/wp-json\/wp\/v2\/types\/page"}],"author":[{"embeddable":true,"href":"https:\/\/bik-ag.ch\/es\/wp-json\/wp\/v2\/users\/1"}],"replies":[{"embeddable":true,"href":"https:\/\/bik-ag.ch\/es\/wp-json\/wp\/v2\/comments?post=2103"}],"version-history":[{"count":0,"href":"https:\/\/bik-ag.ch\/es\/wp-json\/wp\/v2\/pages\/2103\/revisions"}],"wp:attachment":[{"href":"https:\/\/bik-ag.ch\/es\/wp-json\/wp\/v2\/media?parent=2103"}],"curies":[{"name":"wp","href":"https:\/\/api.w.org\/{rel}","templated":true}]}}