{"id":1004,"date":"2020-10-26T10:24:03","date_gmt":"2020-10-26T10:24:03","guid":{"rendered":"https:\/\/bik-ag.ch.tiberius.sui-inter.net\/ihre-schluesselgeschichte\/"},"modified":"2020-11-15T14:52:39","modified_gmt":"2020-11-15T14:52:39","slug":"ihre-schluesselgeschichte","status":"publish","type":"page","link":"https:\/\/bik-ag.ch\/fr\/ihre-schluesselgeschichte\/","title":{"rendered":"Votre r\u00e9cit cl\u00e9"},"content":{"rendered":"<div id='av_section_1'  class='avia-section av-kg2d0fsa-199ced124c97620891561625ae7adf5c alternate_color avia-section-default avia-no-border-styling  avia-builder-el-0  el_before_av_section  avia-builder-el-first  avia-bg-style-scroll container_wrap fullsize'  ><div class='container av-section-cont-open' ><main  class='template-page content  av-content-full alpha units'><div class='post-entry post-entry-type-page post-entry-1004'><div class='entry-content-wrapper clearfix'>\n\n<style type=\"text\/css\" data-created_by=\"avia_inline_auto\" id=\"style-css-av-khj8lluz-156d5d17e763b0b66b35aefabf9590d6\">\n#top .av-special-heading.av-khj8lluz-156d5d17e763b0b66b35aefabf9590d6{\npadding-bottom:10px;\n}\nbody .av-special-heading.av-khj8lluz-156d5d17e763b0b66b35aefabf9590d6 .av-special-heading-tag .heading-char{\nfont-size:25px;\n}\n.av-special-heading.av-khj8lluz-156d5d17e763b0b66b35aefabf9590d6 .av-subheading{\nfont-size:15px;\n}\n<\/style>\n<div  class='av-special-heading av-khj8lluz-156d5d17e763b0b66b35aefabf9590d6 av-special-heading-h2 blockquote modern-quote  avia-builder-el-1  el_before_av_textblock  avia-builder-el-first '><h2 class='av-special-heading-tag '  >Avez-vous \u00e9galement r\u00e9cup\u00e9r\u00e9 votre cl\u00e9 par le biais de BIK ? <\/h2><div class='av-subheading av-subheading_below'><p>Racontez-nous votre histoire !<\/p>\n<\/div><div class=\"special-heading-border\"><div class=\"special-heading-inner-border\"><\/div><\/div><\/div>\n<section  class='av_textblock_section av-kf8admsy-ed48fc1fef6222c5f5f6c20f4aff622e '  ><div class='avia_textblock' ><p>Nous attendons avec impatience votre \u00ab\u00a0exp\u00e9rience cl\u00e9\u00a0\u00bb ou vos commentaires<\/p>\n<p>Merci beaucoup \u00e0 votre \u00e9quipe BIK<\/p>\n<\/div><\/section>\n<\/div><\/div><\/main><!-- close content main element --><\/div><\/div><div id='av_section_2'  class='avia-section av-kg2d0fsa-b2f48daf5ee979dd312d8cef1155d166 main_color avia-section-default avia-no-border-styling  avia-builder-el-3  el_after_av_section  avia-builder-el-last  avia-bg-style-scroll container_wrap fullsize'  ><div class='container av-section-cont-open' ><div class='template-page content  av-content-full alpha units'><div class='post-entry post-entry-type-page post-entry-1004'><div class='entry-content-wrapper clearfix'>\n<form action=\"https:\/\/bik-ag.ch\/fr\/ihre-schluesselgeschichte\/\" method=\"post\" data-fields-with-error=\"Erreurs trouv\u00e9es dans les champs suivants :\" class=\"avia_ajax_form av-form-labels-visible   avia-builder-el-4  el_before_av_textblock  avia-builder-el-first   \" data-avia-form-id=\"1\" data-avia-redirect='' ><fieldset><p class='  first_form  form_element form_element_half' id='element_avia_1_1'><label for=\"avia_1_1\">Pr\u00e9nom <abbr class=\"required\" title=\"requis(e)\">*<\/abbr><\/label> <input name=\"avia_1_1\" class=\"text_input is_empty\" type=\"text\" id=\"avia_1_1\" value=\"\" \/><\/p><p class='  form_element form_element_half' id='element_avia_2_1'><label for=\"avia_2_1\">Nom <abbr class=\"required\" title=\"requis(e)\">*<\/abbr><\/label> <input name=\"avia_2_1\" class=\"text_input is_empty\" type=\"text\" id=\"avia_2_1\" value=\"\" \/><\/p><p class='  first_form  form_element form_fullwidth' id='element_avia_3_1'><label for=\"avia_3_1\">E-Mail <abbr class=\"required\" title=\"requis(e)\">*<\/abbr><\/label> <input name=\"avia_3_1\" class=\"text_input is_email\" type=\"text\" id=\"avia_3_1\" value=\"\" \/><\/p><p class='  first_form  form_element form_fullwidth' id='element_avia_4_1'><label for=\"avia_4_1\" class=\"textare_label hidden textare_label_avia_4_1\">Mon histoire<\/label><textarea  name=\"avia_4_1\" class=\"text_area \" cols=\"40\" rows=\"7\" id=\"avia_4_1\" ><\/textarea><\/p><p class=\"hidden\"><input type=\"text\" name=\"avia_5_1\" class=\"hidden \" id=\"avia_5_1\" value=\"\" \/><\/p><p class=' av_form_privacy_check av_contact_privacy_check first_form  form_element form_fullwidth' id='element_avia_6_1'><input  name=\"avia_6_1\" class=\"input_checkbox is_empty\" type=\"checkbox\" id=\"avia_6_1\" value=\"true\"\/><label class=\"input_checkbox_label\" for=\"avia_6_1\">J'accepte les conditions \u00e9nonc\u00e9es dans la politique de confidentialit\u00e9 * <abbr class=\"required\" title=\"requis(e)\">*<\/abbr><\/label><\/p><p class=\"form_element \"><input type=\"hidden\" value=\"1\" name=\"avia_generated_form1\" \/><input type=\"submit\" value=\"Envoyer\" class=\"button\"  data-sending-label=\"Envoi\"\/><\/p><\/fieldset><\/form><div id=\"ajaxresponse_1\" class=\"ajaxresponse ajaxresponse_1 hidden\"><\/div>\n<section  class='av_textblock_section av-kf8admsy-ed48fc1fef6222c5f5f6c20f4aff622e '  ><div class='avia_textblock' ><p>En soumettant vos donn\u00e9es, vous acceptez que nous puissions publier votre histoire ou votre commentaire en tout ou en partie sur nos pages sous la rubrique Feedback, en utilisant uniquement votre pr\u00e9nom et en abr\u00e9geant \u00e9ventuellement votre nom de famille par une lettre et\/ou en indiquant le lieu. Si vous ne voulez rien de tout cela ou si vous souhaitez qu&rsquo;il en soit autrement, veuillez le mentionner dans le champ de texte. Merci beaucoup.<\/p>\n<\/div><\/section>\n<\/p>\n","protected":false},"excerpt":{"rendered":"","protected":false},"author":1,"featured_media":0,"parent":0,"menu_order":0,"comment_status":"closed","ping_status":"closed","template":"","meta":{"footnotes":""},"class_list":["post-1004","page","type-page","status-publish","hentry"],"_links":{"self":[{"href":"https:\/\/bik-ag.ch\/fr\/wp-json\/wp\/v2\/pages\/1004","targetHints":{"allow":["GET"]}}],"collection":[{"href":"https:\/\/bik-ag.ch\/fr\/wp-json\/wp\/v2\/pages"}],"about":[{"href":"https:\/\/bik-ag.ch\/fr\/wp-json\/wp\/v2\/types\/page"}],"author":[{"embeddable":true,"href":"https:\/\/bik-ag.ch\/fr\/wp-json\/wp\/v2\/users\/1"}],"replies":[{"embeddable":true,"href":"https:\/\/bik-ag.ch\/fr\/wp-json\/wp\/v2\/comments?post=1004"}],"version-history":[{"count":0,"href":"https:\/\/bik-ag.ch\/fr\/wp-json\/wp\/v2\/pages\/1004\/revisions"}],"wp:attachment":[{"href":"https:\/\/bik-ag.ch\/fr\/wp-json\/wp\/v2\/media?parent=1004"}],"curies":[{"name":"wp","href":"https:\/\/api.w.org\/{rel}","templated":true}]}}