{"id":1007,"date":"2020-10-21T11:35:23","date_gmt":"2020-10-21T11:35:23","guid":{"rendered":"https:\/\/bik-ag.ch.tiberius.sui-inter.net\/teil-2-produkt-sternzeichen\/"},"modified":"2022-10-15T12:19:49","modified_gmt":"2022-10-15T12:19:49","slug":"teil-2-produkt-sternzeichen","status":"publish","type":"page","link":"https:\/\/bik-ag.ch\/fr\/teil-2-produkt-sternzeichen\/","title":{"rendered":"Partie 2 Signe Astrologique du produit"},"content":{"rendered":"<div class=\"\"><b class=\"\">Nos badges de cl\u00e9s BIK<\/b><\/div>\n<div class=\"\"><\/div>\n<div class=\"\">Commandez notre ou nos badges standard les plus vendus avec le signe du zodiaque ou la croix suisse. Les \u00e9tiquettes de s\u00e9curit\u00e9 en maillechort la plus solide &#8211; avec votre num\u00e9ro de code personnel.<\/div>\n<div class=\"\"><\/div>\n<div class=\"\"><b class=\"\">Une chose de moins \u00e0 craindre: <\/b>si la cl\u00e9 se perd, 95% des personnes qui la trouvent la mettent dans la bo\u00eete aux lettres la plus proche ou contactent BIK. Vous pouvez donc rapidement r\u00e9cup\u00e9rer vos cl\u00e9s. Cela permet d&rsquo;\u00e9viter les tracas et d&rsquo;\u00e9conomiser beaucoup d&rsquo;argent.<\/div>\n<div class=\"\"><\/div>\n<div class=\"\"><b class=\"\">Tout compris:<\/b> apr\u00e8s avoir command\u00e9, vous recevrez vos porte-cl\u00e9s avec un certificat de garantie de 8 ans et votre num\u00e9ro individuel. Les d\u00e9clarations enregistr\u00e9es, les nouveaux badges en cas de perte et tous les changements d&rsquo;adresse sont inclus. Les badges sont transf\u00e9rables apr\u00e8s consultation. Pas de renouvellement automatique. Vous serez notifi\u00e9 de votre souhait de renouveler.<\/div>\n<div class=\"\"><\/div>\n<div class=\"\"><b class=\"\">Combien de badges? <\/b><span class=\"\">N&rsquo;oubliez pas de commander suffisamment de plaquettes pour tous les porte-cl\u00e9s de votre maison. BIK existe depuis pr\u00e8s de 40 ans. Vous pouvez compter sur nous.\u00a0<\/span><\/div>\n<div class=\"\"><\/div>\n<div class=\"\"><b class=\"\">Texte au verso: <\/b><span class=\"\">Veuillez me d\u00e9poser non emball\u00e9 dans une bo\u00eete aux lettres, merci! A d\u00e9poser dans la prochaine boite postale merci! Per favore buttare nella prossima casetta postale. Grazie!<\/span><\/div>\n<div class=\"\"><\/div>\n<div class=\"\"><b class=\"\">Frais de livraison en Suisse et au Lichtenstein<\/b><br \/>\n\u00e0 partir de Fr. 100.- gratuit, en dessous de Fr. 100.- Fr 2.-sera factur\u00e9 par commande.<\/div>\n<div class=\"\"><\/div>\n<div class=\"\"><b class=\"\">Frais de livraison pour l&rsquo;Allemagne, l&rsquo;Autriche, l&rsquo;Italie et la France<\/b><br \/>\nforfait de Fr 5.- par commande.<\/div>\n","protected":false},"excerpt":{"rendered":"<p>Nos badges de cl\u00e9s BIK Commandez notre ou nos badges standard les plus vendus avec le signe du zodiaque ou la croix suisse. Les \u00e9tiquettes de s\u00e9curit\u00e9 en maillechort la plus solide &#8211; avec votre num\u00e9ro de code personnel. Une chose de moins \u00e0 craindre: si la cl\u00e9 se perd, 95% des personnes qui la [&hellip;]<\/p>\n","protected":false},"author":1,"featured_media":0,"parent":0,"menu_order":0,"comment_status":"closed","ping_status":"closed","template":"","meta":{"footnotes":""},"class_list":["post-1007","page","type-page","status-publish","hentry"],"_links":{"self":[{"href":"https:\/\/bik-ag.ch\/fr\/wp-json\/wp\/v2\/pages\/1007","targetHints":{"allow":["GET"]}}],"collection":[{"href":"https:\/\/bik-ag.ch\/fr\/wp-json\/wp\/v2\/pages"}],"about":[{"href":"https:\/\/bik-ag.ch\/fr\/wp-json\/wp\/v2\/types\/page"}],"author":[{"embeddable":true,"href":"https:\/\/bik-ag.ch\/fr\/wp-json\/wp\/v2\/users\/1"}],"replies":[{"embeddable":true,"href":"https:\/\/bik-ag.ch\/fr\/wp-json\/wp\/v2\/comments?post=1007"}],"version-history":[{"count":0,"href":"https:\/\/bik-ag.ch\/fr\/wp-json\/wp\/v2\/pages\/1007\/revisions"}],"wp:attachment":[{"href":"https:\/\/bik-ag.ch\/fr\/wp-json\/wp\/v2\/media?parent=1007"}],"curies":[{"name":"wp","href":"https:\/\/api.w.org\/{rel}","templated":true}]}}