{"id":1021,"date":"2020-10-13T10:06:31","date_gmt":"2020-10-13T10:06:31","guid":{"rendered":"https:\/\/bik-ag.ch.tiberius.sui-inter.net\/adressaenderung\/"},"modified":"2022-10-10T12:19:48","modified_gmt":"2022-10-10T12:19:48","slug":"changement-adresse","status":"publish","type":"page","link":"https:\/\/bik-ag.ch\/fr\/changement-adresse\/","title":{"rendered":"Changement d&rsquo;adresse"},"content":{"rendered":"<div id='av_section_1'  class='avia-section av-kgjexoan-35ee84469a6591ff67210cae89b3e520 alternate_color avia-section-default avia-no-border-styling  avia-builder-el-0  el_before_av_section  avia-builder-el-first  avia-bg-style-scroll container_wrap fullsize'  ><div class='container av-section-cont-open' ><main  class='template-page content  av-content-full alpha units'><div class='post-entry post-entry-type-page post-entry-1021'><div class='entry-content-wrapper clearfix'>\n\n<style type=\"text\/css\" data-created_by=\"avia_inline_auto\" id=\"style-css-av-khj4e3gv-991cb1989660566a59562cc8fa084b34\">\n#top .av-special-heading.av-khj4e3gv-991cb1989660566a59562cc8fa084b34{\npadding-bottom:10px;\n}\nbody .av-special-heading.av-khj4e3gv-991cb1989660566a59562cc8fa084b34 .av-special-heading-tag .heading-char{\nfont-size:25px;\n}\n.av-special-heading.av-khj4e3gv-991cb1989660566a59562cc8fa084b34 .av-subheading{\nfont-size:15px;\n}\n<\/style>\n<div  class='av-special-heading av-khj4e3gv-991cb1989660566a59562cc8fa084b34 av-special-heading-h2 blockquote modern-quote  avia-builder-el-1  el_before_av_textblock  avia-builder-el-first '><h2 class='av-special-heading-tag '  >Changement d\u2019adresse<\/h2><div class=\"special-heading-border\"><div class=\"special-heading-inner-border\"><\/div><\/div><\/div>\n<section  class='av_textblock_section av-kf8admsy-ed48fc1fef6222c5f5f6c20f4aff622e '  ><div class='avia_textblock' ><p>Veuillez remplir le formulaire suivant. Si vous \u00eates inscrit sur le site, vous pouvez changer votre adresse ici.<\/p>\n<\/div><\/section>\n<\/div><\/div><\/main><!-- close content main element --><\/div><\/div><div id='av_section_2'  class='avia-section av-kg2d0fsa-b2f48daf5ee979dd312d8cef1155d166 main_color avia-section-default avia-no-border-styling  avia-builder-el-3  el_after_av_section  avia-builder-el-last  avia-bg-style-scroll container_wrap fullsize'  ><div class='container av-section-cont-open' ><div class='template-page content  av-content-full alpha units'><div class='post-entry post-entry-type-page post-entry-1021'><div class='entry-content-wrapper clearfix'>\n<form action=\"https:\/\/bik-ag.ch\/fr\/changement-adresse\/\" method=\"post\" data-fields-with-error=\"Erreurs trouv\u00e9es dans les champs suivants :\" class=\"avia_ajax_form av-form-labels-visible   avia-builder-el-4  avia-builder-el-no-sibling   \" data-avia-form-id=\"1\" data-avia-redirect='' ><h3 class=''>Modifiez votre adresse ici<\/h3><fieldset><p class='  first_form  form_element form_element_third' id='element_avia_1_1'><label for=\"avia_1_1\">Saisissez le num\u00e9ro de la plaquette BIK <abbr class=\"required\" title=\"requis(e)\">*<\/abbr><\/label> <input name=\"avia_1_1\" class=\"text_input is_empty\" type=\"text\" id=\"avia_1_1\" value=\"\" \/><\/p><p class='  form_element form_element_third' id='element_avia_2_1'><label for=\"avia_2_1\">Pr\u00e9nom <abbr class=\"required\" title=\"requis(e)\">*<\/abbr><\/label> <input name=\"avia_2_1\" class=\"text_input is_empty\" type=\"text\" id=\"avia_2_1\" value=\"\" \/><\/p><p class='  form_element form_element_third' id='element_avia_3_1'><label for=\"avia_3_1\">Nom <abbr class=\"required\" title=\"requis(e)\">*<\/abbr><\/label> <input name=\"avia_3_1\" class=\"text_input is_empty\" type=\"text\" id=\"avia_3_1\" value=\"\" \/><\/p><div id='avia_4_1' class='av-form-text'><h4>Ancienne adresse<\/h4>\n<\/div><p class='  first_form  form_element form_element_half' id='element_avia_5_1'><label for=\"avia_5_1\">Rue<\/label> <input name=\"avia_5_1\" class=\"text_input \" type=\"text\" id=\"avia_5_1\" value=\"\" \/><\/p><p class='  form_element form_element_fourth' id='element_avia_6_1'><label for=\"avia_6_1\">Code Postal <abbr class=\"required\" title=\"requis(e)\">*<\/abbr><\/label> <input name=\"avia_6_1\" class=\"text_input is_empty\" type=\"text\" id=\"avia_6_1\" value=\"\" \/><\/p><p class='  form_element form_element_fourth' id='element_avia_7_1'><label for=\"avia_7_1\">Lieu <abbr class=\"required\" title=\"requis(e)\">*<\/abbr><\/label> <input name=\"avia_7_1\" class=\"text_input is_empty\" type=\"text\" id=\"avia_7_1\" value=\"\" \/><\/p><div id='avia_8_1' class='av-form-text'><h4>Nouvelle adresse<\/h4>\n<\/div><p class='  first_form  form_element form_element_half' id='element_avia_9_1'><label for=\"avia_9_1\">Rue <abbr class=\"required\" title=\"requis(e)\">*<\/abbr><\/label> <input name=\"avia_9_1\" class=\"text_input is_empty\" type=\"text\" id=\"avia_9_1\" value=\"\" \/><\/p><p class='  form_element form_element_fourth' id='element_avia_10_1'><label for=\"avia_10_1\">Code Postal <abbr class=\"required\" title=\"requis(e)\">*<\/abbr><\/label> <input name=\"avia_10_1\" class=\"text_input is_empty\" type=\"text\" id=\"avia_10_1\" value=\"\" \/><\/p><p class='  form_element form_element_fourth' id='element_avia_11_1'><label for=\"avia_11_1\">Lieu <abbr class=\"required\" title=\"requis(e)\">*<\/abbr><\/label> <input name=\"avia_11_1\" class=\"text_input is_empty\" type=\"text\" id=\"avia_11_1\" value=\"\" \/><\/p><p class='  first_form  form_element form_element_third' id='element_avia_12_1'><label for=\"avia_12_1\">A partir de<\/label> <input name=\"avia_12_1\" class=\"avia_datepicker text_input \" type=\"text\" id=\"avia_12_1\" value=\"\" placeholder=\"DD \/ MM \/ YY\" inputmode=\"none\" \/><\/p><p class='  form_element form_element_third' id='element_avia_13_1'><label for=\"avia_13_1\">T\u00e9l\u00e9phone \/ Portable <abbr class=\"required\" title=\"requis(e)\">*<\/abbr><\/label> <input name=\"avia_13_1\" class=\"text_input is_phone\" type=\"text\" id=\"avia_13_1\" value=\"\" \/><\/p><p class='  form_element form_element_third' id='element_avia_14_1'><label for=\"avia_14_1\">E-Mail <abbr class=\"required\" title=\"requis(e)\">*<\/abbr><\/label> <input name=\"avia_14_1\" class=\"text_input is_email\" type=\"text\" id=\"avia_14_1\" value=\"\" \/><\/p><p class='  first_form  form_element form_fullwidth' id='element_avia_15_1'><label for=\"avia_15_1\" class=\"textare_label hidden textare_label_avia_15_1\">Autre Information \u00e0 BIK<\/label><textarea  name=\"avia_15_1\" class=\"text_area \" cols=\"40\" rows=\"7\" id=\"avia_15_1\" ><\/textarea><\/p><p class=\"hidden\"><input type=\"text\" name=\"avia_16_1\" class=\"hidden \" id=\"avia_16_1\" value=\"\" \/><\/p><p class=' av_form_privacy_check av_contact_privacy_check first_form  form_element form_fullwidth' id='element_avia_17_1'><input  name=\"avia_17_1\" class=\"input_checkbox is_empty\" type=\"checkbox\" id=\"avia_17_1\" value=\"true\"\/><label class=\"input_checkbox_label\" for=\"avia_17_1\">J'accepte les conditions \u00e9nonc\u00e9es dans la politique de confidentialit\u00e9 * <abbr class=\"required\" title=\"requis(e)\">*<\/abbr><\/label><\/p><p class=\"form_element \"><input type=\"hidden\" value=\"1\" name=\"avia_generated_form1\" \/><input type=\"submit\" value=\"Envoyer\" class=\"button\"  data-sending-label=\"Envoi\"\/><\/p><\/fieldset><\/form><div id=\"ajaxresponse_1\" class=\"ajaxresponse ajaxresponse_1 hidden\"><\/div>\n<\/p>\n","protected":false},"excerpt":{"rendered":"","protected":false},"author":1,"featured_media":0,"parent":0,"menu_order":0,"comment_status":"closed","ping_status":"closed","template":"","meta":{"footnotes":""},"class_list":["post-1021","page","type-page","status-publish","hentry"],"_links":{"self":[{"href":"https:\/\/bik-ag.ch\/fr\/wp-json\/wp\/v2\/pages\/1021","targetHints":{"allow":["GET"]}}],"collection":[{"href":"https:\/\/bik-ag.ch\/fr\/wp-json\/wp\/v2\/pages"}],"about":[{"href":"https:\/\/bik-ag.ch\/fr\/wp-json\/wp\/v2\/types\/page"}],"author":[{"embeddable":true,"href":"https:\/\/bik-ag.ch\/fr\/wp-json\/wp\/v2\/users\/1"}],"replies":[{"embeddable":true,"href":"https:\/\/bik-ag.ch\/fr\/wp-json\/wp\/v2\/comments?post=1021"}],"version-history":[{"count":0,"href":"https:\/\/bik-ag.ch\/fr\/wp-json\/wp\/v2\/pages\/1021\/revisions"}],"wp:attachment":[{"href":"https:\/\/bik-ag.ch\/fr\/wp-json\/wp\/v2\/media?parent=1021"}],"curies":[{"name":"wp","href":"https:\/\/api.w.org\/{rel}","templated":true}]}}