{"id":1096,"date":"2020-07-02T13:34:03","date_gmt":"2020-07-02T13:34:03","guid":{"rendered":"https:\/\/bik-ag.ch.tiberius.sui-inter.net\/kontakt\/"},"modified":"2021-05-03T22:59:04","modified_gmt":"2021-05-03T22:59:04","slug":"kontakt","status":"publish","type":"page","link":"https:\/\/bik-ag.ch\/fr\/kontakt\/","title":{"rendered":"Contact"},"content":{"rendered":"<div id='av_section_1'  class='avia-section av-kgw3z7ns-e0d1a25d50ee2764cdcd3ac9e51678db alternate_color avia-section-default avia-no-border-styling  avia-builder-el-0  el_before_av_section  avia-builder-el-first  avia-bg-style-scroll container_wrap fullsize'  ><div class='container av-section-cont-open' ><main  class='template-page content  av-content-full alpha units'><div class='post-entry post-entry-type-page post-entry-1096'><div class='entry-content-wrapper clearfix'>\n\n<style type=\"text\/css\" data-created_by=\"avia_inline_auto\" id=\"style-css-av-khj9awqd-5f27c72f54196476f3918ede97c64708\">\n#top .av-special-heading.av-khj9awqd-5f27c72f54196476f3918ede97c64708{\npadding-bottom:10px;\n}\nbody .av-special-heading.av-khj9awqd-5f27c72f54196476f3918ede97c64708 .av-special-heading-tag .heading-char{\nfont-size:25px;\n}\n.av-special-heading.av-khj9awqd-5f27c72f54196476f3918ede97c64708 .av-subheading{\nfont-size:15px;\n}\n<\/style>\n<div  class='av-special-heading av-khj9awqd-5f27c72f54196476f3918ede97c64708 av-special-heading-h2 blockquote modern-quote  avia-builder-el-1  el_before_av_textblock  avia-builder-el-first '><h2 class='av-special-heading-tag '  >Contact<\/h2><div class=\"special-heading-border\"><div class=\"special-heading-inner-border\"><\/div><\/div><\/div>\n<section  class='av_textblock_section av-kgw45o1j-c1222e0f199ceb4898ee381987943b31 '  ><div class='avia_textblock' ><p>Nous am\u00e9liorons constamment nos processus, nos produits et nos services.<\/p>\n<p>Votre avis est donc tr\u00e8s important pour nous.<\/p>\n<p>Qu&rsquo;il s&rsquo;agisse de f\u00e9licitations ou de critiques sur les informations pr\u00e9sent\u00e9es sur notre site web, de r\u00e9actions en g\u00e9n\u00e9ral sur nos produits et services ou de tout autre \u00e9l\u00e9ment que vous souhaiteriez nous communiquer, il vous suffit d&rsquo;utiliser le formulaire suivant.<\/p>\n<p><strong>Nous attendons avec impatience vos r\u00e9actions!<\/strong><\/p>\n<\/div><\/section>\n\n<\/div><\/div><\/main><!-- close content main element --><\/div><\/div><div id='av_section_2'  class='avia-section av-kg2d2lnv-21da6573df106cb5d12a8e6fb98e4627 main_color avia-section-default avia-no-border-styling  avia-builder-el-3  el_after_av_section  avia-builder-el-last  avia-bg-style-scroll container_wrap fullsize'  ><div class='container av-section-cont-open' ><div class='template-page content  av-content-full alpha units'><div class='post-entry post-entry-type-page post-entry-1096'><div class='entry-content-wrapper clearfix'>\n<form action=\"https:\/\/bik-ag.ch\/fr\/kontakt\/\" method=\"post\" data-fields-with-error=\"Erreurs trouv\u00e9es dans les champs suivants :\" class=\"avia_ajax_form av-form-labels-visible   avia-builder-el-4  avia-builder-el-no-sibling   \" data-avia-form-id=\"1\" data-avia-redirect='' ><h3 class=''>Envoyez-nous un E-Mail<\/h3><fieldset><p class='  first_form  form_element form_fullwidth' id='element_avia_1_1'><label for=\"avia_1_1\">Nom <abbr class=\"required\" title=\"requis(e)\">*<\/abbr><\/label> <input name=\"avia_1_1\" class=\"text_input is_empty\" type=\"text\" id=\"avia_1_1\" value=\"\" \/><\/p><p class='  first_form  form_element form_fullwidth' id='element_avia_2_1'><label for=\"avia_2_1\">E-Mail <abbr class=\"required\" title=\"requis(e)\">*<\/abbr><\/label> <input name=\"avia_2_1\" class=\"text_input is_email\" type=\"text\" id=\"avia_2_1\" value=\"\" \/><\/p><p class='  first_form  form_element form_fullwidth' id='element_avia_3_1'><label for=\"avia_3_1\">Num\u00e9ro BIK<\/label> <input name=\"avia_3_1\" class=\"text_input \" type=\"text\" id=\"avia_3_1\" value=\"\" \/><\/p><p class='  first_form  form_element form_fullwidth' id='element_avia_4_1'><label for=\"avia_4_1\">Objet <abbr class=\"required\" title=\"requis(e)\">*<\/abbr><\/label> <input name=\"avia_4_1\" class=\"text_input is_empty\" type=\"text\" id=\"avia_4_1\" value=\"\" \/><\/p><p class='  first_form  form_element form_fullwidth' id='element_avia_5_1'><label for=\"avia_5_1\" class=\"textare_label hidden textare_label_avia_5_1\">Message <abbr class=\"required\" title=\"requis(e)\">*<\/abbr><\/label><textarea  name=\"avia_5_1\" class=\"text_area is_empty\" cols=\"40\" rows=\"7\" id=\"avia_5_1\" ><\/textarea><\/p><p class=\"hidden\"><input type=\"text\" name=\"avia_6_1\" class=\"hidden \" id=\"avia_6_1\" value=\"\" \/><\/p><p class=' av_form_privacy_check av_contact_privacy_check first_form  form_element form_fullwidth' id='element_avia_7_1'><input  name=\"avia_7_1\" class=\"input_checkbox is_empty\" type=\"checkbox\" id=\"avia_7_1\" value=\"true\"\/><label class=\"input_checkbox_label\" for=\"avia_7_1\">J'accepte les conditions \u00e9nonc\u00e9es dans la politique de confidentialit\u00e9 * <abbr class=\"required\" title=\"requis(e)\">*<\/abbr><\/label><\/p><p class=\"form_element \"><input type=\"hidden\" value=\"1\" name=\"avia_generated_form1\" \/><input type=\"submit\" value=\"Envoyer\" class=\"button\"  data-sending-label=\"Envoi\"\/><\/p><\/fieldset><\/form><div id=\"ajaxresponse_1\" class=\"ajaxresponse ajaxresponse_1 hidden\"><\/div>\n\n","protected":false},"excerpt":{"rendered":"","protected":false},"author":1,"featured_media":0,"parent":0,"menu_order":0,"comment_status":"closed","ping_status":"closed","template":"","meta":{"footnotes":""},"class_list":["post-1096","page","type-page","status-publish","hentry"],"_links":{"self":[{"href":"https:\/\/bik-ag.ch\/fr\/wp-json\/wp\/v2\/pages\/1096","targetHints":{"allow":["GET"]}}],"collection":[{"href":"https:\/\/bik-ag.ch\/fr\/wp-json\/wp\/v2\/pages"}],"about":[{"href":"https:\/\/bik-ag.ch\/fr\/wp-json\/wp\/v2\/types\/page"}],"author":[{"embeddable":true,"href":"https:\/\/bik-ag.ch\/fr\/wp-json\/wp\/v2\/users\/1"}],"replies":[{"embeddable":true,"href":"https:\/\/bik-ag.ch\/fr\/wp-json\/wp\/v2\/comments?post=1096"}],"version-history":[{"count":0,"href":"https:\/\/bik-ag.ch\/fr\/wp-json\/wp\/v2\/pages\/1096\/revisions"}],"wp:attachment":[{"href":"https:\/\/bik-ag.ch\/fr\/wp-json\/wp\/v2\/media?parent=1096"}],"curies":[{"name":"wp","href":"https:\/\/api.w.org\/{rel}","templated":true}]}}