{"id":994,"date":"2020-10-27T15:25:34","date_gmt":"2020-10-27T15:25:34","guid":{"rendered":"https:\/\/bik-ag.ch.tiberius.sui-inter.net\/impressum\/"},"modified":"2022-10-11T05:23:51","modified_gmt":"2022-10-11T05:23:51","slug":"impressum","status":"publish","type":"page","link":"https:\/\/bik-ag.ch\/fr\/impressum\/","title":{"rendered":"Mentions L\u00e9gales"},"content":{"rendered":"<p><strong>BIK AG<\/strong><\/p>\n<p>3001 Berne<\/p>\n<p>Tel. +41 31 312 11 70<br \/>\nFax. +41 31 312 04 43<br \/>\n<a href=\"https:\/\/www.bik-ag.ch\">www.bik-ag.ch<\/a><br \/>\n<a href=\"mailto:info@bik-ag.ch\">info@bik-ag.ch<\/a><\/p>\n<p>Contact t\u00e9l\u00e9phonique :<br \/>\nLu &#8211; Ve 9h00 &#8211; 12h00<\/p>\n<p><strong>Num\u00e9ro TVA<\/strong><br \/>\nCHE-104.057.399TVA<\/p>\n<p><strong>Conception du Site Web<\/strong><\/p>\n<p>Fritz Spohn, Spohn Motivation, <a href=\"mailto:info@spohn.ch\">info@spohn.ch<\/a>, <a href=\"https:\/\/spohn.ch\" target=\"_blank\" rel=\"noopener noreferrer\">www.spohn.ch<\/a><\/p>\n<p><strong>Mise en \u0153uvre du Site Web<\/strong><\/p>\n<p>Rolf Service, Onlineplaner, <a href=\"mailto:info@onlineplaner.ch\">info@onlineplaner.ch<\/a>, <a href=\"https:\/\/onlineplaner.ch\" target=\"_blank\" rel=\"noopener noreferrer\">www.onlineplaner.ch<\/a><\/p>\n<p><strong>Clause de non-responsabilit\u00e9<\/strong><\/p>\n<p>L&rsquo;auteur n&rsquo;assume aucune responsabilit\u00e9 quant \u00e0 l&rsquo;exactitude, la pr\u00e9cision, l&rsquo;actualit\u00e9, la fiabilit\u00e9 et l&rsquo;exhaustivit\u00e9 des informations fournies.<\/p>\n<p>Les recours en responsabilit\u00e9 contre l&rsquo;auteur pour des dommages mat\u00e9riels ou immat\u00e9riels r\u00e9sultant de l&rsquo;acc\u00e8s aux informations publi\u00e9es, de leur utilisation ou de leur non-utilisation, d&rsquo;une mauvaise utilisation de la connexion ou de d\u00e9fauts techniques sont exclus.<\/p>\n<p>Toutes les offres sont sans engagement. Des parties de pages ou la publication compl\u00e8te, y compris toutes les offres et informations, peuvent \u00eatre \u00e9tendues, modifi\u00e9es ou partiellement ou totalement supprim\u00e9es par l&rsquo;auteur sans annonce distincte.<\/p>\n<p><strong>Clause de non-responsabilit\u00e9 relative aux Liens<\/strong><\/p>\n<p>Les r\u00e9f\u00e9rences et les liens vers des sites web tiers ne rel\u00e8vent pas de notre responsabilit\u00e9. Nous d\u00e9clinons toute responsabilit\u00e9 concernant ces sites Web. L&rsquo;acc\u00e8s et l&rsquo;utilisation de ces sites web se font aux risques et p\u00e9rils de l&rsquo;utilisateur.<\/p>\n<p><strong>Copyright<\/strong><\/p>\n<p><span data-sheets-value=\"{&quot;1&quot;:2,&quot;2&quot;:&quot;Les droits d'auteur et tous les autres droits sur les contenus, images, photos ou autres fichiers de ce site appartiennent exclusivement \u00e0 la Soci\u00e9t\u00e9 Bik-Schl\u00fcsselfund-Service AG ou aux titulaires de droits sp\u00e9cifiquement mentionn\u00e9s. Pour la reproduction de tout \u00e9l\u00e9ment, le consentement \u00e9crit du d\u00e9tenteur des droits d'auteur doit \u00eatre obtenu au pr\u00e9alable.&quot;}\" data-sheets-userformat=\"{&quot;2&quot;:14593,&quot;3&quot;:{&quot;1&quot;:0,&quot;3&quot;:1},&quot;11&quot;:4,&quot;14&quot;:{&quot;1&quot;:2,&quot;2&quot;:16711680},&quot;15&quot;:&quot;Calibri&quot;,&quot;16&quot;:11}\" data-sheets-textstyleruns=\"{&quot;1&quot;:0}\uee10{&quot;1&quot;:138,&quot;2&quot;:{&quot;3&quot;:&quot;Calibri&quot;,&quot;4&quot;:11,&quot;5&quot;:1}}\uee10{&quot;1&quot;:178,&quot;2&quot;:{&quot;3&quot;:&quot;Calibri&quot;,&quot;4&quot;:11}}\">Les droits d&rsquo;auteur et tous les autres droits sur les contenus, images, photos ou autres fichiers de ce site appartiennent exclusivement \u00e0 <strong>la Soci\u00e9t\u00e9 Bik-Schl\u00fcsselfund-Service AG<\/strong> ou aux titulaires de droits sp\u00e9cifiquement mentionn\u00e9s. Pour la reproduction de tout \u00e9l\u00e9ment, le consentement \u00e9crit du d\u00e9tenteur des droits d&rsquo;auteur doit \u00eatre obtenu au pr\u00e9alable.<\/span><\/p>\n","protected":false},"excerpt":{"rendered":"<p>BIK AG 3001 Berne Tel. +41 31 312 11 70 Fax. +41 31 312 04 43 www.bik-ag.ch info@bik-ag.ch Contact t\u00e9l\u00e9phonique : Lu &#8211; Ve 9h00 &#8211; 12h00 Num\u00e9ro TVA CHE-104.057.399TVA Conception du Site Web Fritz Spohn, Spohn Motivation, info@spohn.ch, www.spohn.ch Mise en \u0153uvre du Site Web Rolf Service, Onlineplaner, info@onlineplaner.ch, www.onlineplaner.ch Clause de non-responsabilit\u00e9 L&rsquo;auteur [&hellip;]<\/p>\n","protected":false},"author":1,"featured_media":0,"parent":0,"menu_order":0,"comment_status":"closed","ping_status":"closed","template":"","meta":{"footnotes":""},"class_list":["post-994","page","type-page","status-publish","hentry"],"_links":{"self":[{"href":"https:\/\/bik-ag.ch\/fr\/wp-json\/wp\/v2\/pages\/994","targetHints":{"allow":["GET"]}}],"collection":[{"href":"https:\/\/bik-ag.ch\/fr\/wp-json\/wp\/v2\/pages"}],"about":[{"href":"https:\/\/bik-ag.ch\/fr\/wp-json\/wp\/v2\/types\/page"}],"author":[{"embeddable":true,"href":"https:\/\/bik-ag.ch\/fr\/wp-json\/wp\/v2\/users\/1"}],"replies":[{"embeddable":true,"href":"https:\/\/bik-ag.ch\/fr\/wp-json\/wp\/v2\/comments?post=994"}],"version-history":[{"count":0,"href":"https:\/\/bik-ag.ch\/fr\/wp-json\/wp\/v2\/pages\/994\/revisions"}],"wp:attachment":[{"href":"https:\/\/bik-ag.ch\/fr\/wp-json\/wp\/v2\/media?parent=994"}],"curies":[{"name":"wp","href":"https:\/\/api.w.org\/{rel}","templated":true}]}}