{"id":1015,"date":"2020-10-21T11:34:15","date_gmt":"2020-10-21T11:34:15","guid":{"rendered":"https:\/\/bik-ag.ch.tiberius.sui-inter.net\/teil-1-produkt-sternzeichen\/"},"modified":"2023-03-17T14:57:47","modified_gmt":"2023-03-17T14:57:47","slug":"teil-1-produkt-sternzeichen","status":"publish","type":"page","link":"https:\/\/bik-ag.ch\/it\/teil-1-produkt-sternzeichen\/","title":{"rendered":"Teil 1 Produkt Sternzeichen"},"content":{"rendered":"<p><strong>Nur 10,00 CHF \/ Jahr \u00a0f\u00fcr 8 Jahre inkl. aller Services<\/strong><\/p>\n<p>\n<strong>Weitere Vorteile:<\/strong><\/p>\n<ul>\n<li>Diese Plakete ist \u00fcbertragbar<\/li>\n<li>Material: h\u00e4rtestes Neusilber<\/li>\n<li>Relativ klein, 60 \/ 20 mm<\/li>\n<li><strong>Dieser BIK Schl\u00fcssel-Anh\u00e4nger \u00f6ffnet direkt Einkaufswagen ohne M\u00fcnzen! Sehen Sie <a href=\"\/#einkaufswagen\">hier<\/a> wie.<\/strong><\/li>\n<\/ul>\n","protected":false},"excerpt":{"rendered":"<p>Nur 10,00 CHF \/ Jahr \u00a0f\u00fcr 8 Jahre inkl. aller Services Weitere Vorteile: Diese Plakete ist \u00fcbertragbar Material: h\u00e4rtestes Neusilber Relativ klein, 60 \/ 20 mm Dieser BIK Schl\u00fcssel-Anh\u00e4nger \u00f6ffnet direkt Einkaufswagen ohne M\u00fcnzen! Sehen Sie hier wie.<\/p>\n","protected":false},"author":1,"featured_media":0,"parent":0,"menu_order":0,"comment_status":"closed","ping_status":"closed","template":"","meta":{"footnotes":""},"class_list":["post-1015","page","type-page","status-publish","hentry"],"_links":{"self":[{"href":"https:\/\/bik-ag.ch\/it\/wp-json\/wp\/v2\/pages\/1015","targetHints":{"allow":["GET"]}}],"collection":[{"href":"https:\/\/bik-ag.ch\/it\/wp-json\/wp\/v2\/pages"}],"about":[{"href":"https:\/\/bik-ag.ch\/it\/wp-json\/wp\/v2\/types\/page"}],"author":[{"embeddable":true,"href":"https:\/\/bik-ag.ch\/it\/wp-json\/wp\/v2\/users\/1"}],"replies":[{"embeddable":true,"href":"https:\/\/bik-ag.ch\/it\/wp-json\/wp\/v2\/comments?post=1015"}],"version-history":[{"count":0,"href":"https:\/\/bik-ag.ch\/it\/wp-json\/wp\/v2\/pages\/1015\/revisions"}],"wp:attachment":[{"href":"https:\/\/bik-ag.ch\/it\/wp-json\/wp\/v2\/media?parent=1015"}],"curies":[{"name":"wp","href":"https:\/\/api.w.org\/{rel}","templated":true}]}}