{"id":1045,"date":"2020-09-10T11:31:31","date_gmt":"2020-09-10T11:31:31","guid":{"rendered":"https:\/\/bik-ag.ch.tiberius.sui-inter.net\/faq\/"},"modified":"2026-02-11T11:50:31","modified_gmt":"2026-02-11T11:50:31","slug":"faq","status":"publish","type":"page","link":"https:\/\/bik-ag.ch\/it\/faq\/","title":{"rendered":"FAQ"},"content":{"rendered":"<div id='av_section_1'  class='avia-section av-kgw4xh7r-2c83dd7508f3287c5178a3cfbdacf288 alternate_color avia-section-default avia-no-border-styling  avia-builder-el-0  el_before_av_section  avia-builder-el-first  avia-bg-style-scroll container_wrap fullsize'  ><div class='container av-section-cont-open' ><main  class='template-page content  av-content-full alpha units'><div class='post-entry post-entry-type-page post-entry-1045'><div class='entry-content-wrapper clearfix'>\n\n<style type=\"text\/css\" data-created_by=\"avia_inline_auto\" id=\"style-css-av-6xx4i-cd6eff4f491aa231f942b7be35f5d1b8\">\n#top .av-special-heading.av-6xx4i-cd6eff4f491aa231f942b7be35f5d1b8{\npadding-bottom:10px;\n}\nbody .av-special-heading.av-6xx4i-cd6eff4f491aa231f942b7be35f5d1b8 .av-special-heading-tag .heading-char{\nfont-size:25px;\n}\n.av-special-heading.av-6xx4i-cd6eff4f491aa231f942b7be35f5d1b8 .av-subheading{\nfont-size:15px;\n}\n<\/style>\n<div  class='av-special-heading av-6xx4i-cd6eff4f491aa231f942b7be35f5d1b8 av-special-heading-h1 blockquote modern-quote  avia-builder-el-1  avia-builder-el-no-sibling '><h1 class='av-special-heading-tag '  >Hier finden Sie die Antworten auf die h\u00e4ufig gestellten Fragen.<\/h1><div class=\"special-heading-border\"><div class=\"special-heading-inner-border\"><\/div><\/div><\/div>\n\n<\/div><\/div><\/main><!-- close content main element --><\/div><\/div><div id='av_section_2'  class='avia-section av-kg2d3z98-4a75903e331b993349267972a0039db3 main_color avia-section-default avia-no-border-styling  avia-builder-el-2  el_after_av_section  avia-builder-el-last  avia-bg-style-scroll container_wrap fullsize'  ><div class='container av-section-cont-open' ><div class='template-page content  av-content-full alpha units'><div class='post-entry post-entry-type-page post-entry-1045'><div class='entry-content-wrapper clearfix'>\n\n<style type=\"text\/css\" data-created_by=\"avia_inline_auto\" id=\"style-css-av-f4cnu-c3ab056e72907ba21a155f6137e3c2b4\">\n.flex_column.av-f4cnu-c3ab056e72907ba21a155f6137e3c2b4{\nborder-radius:0px 0px 0px 0px;\npadding:0px 0px 0px 0px;\n}\n<\/style>\n<div  class='flex_column av-f4cnu-c3ab056e72907ba21a155f6137e3c2b4 av_one_half  avia-builder-el-3  el_before_av_one_half  avia-builder-el-first  first flex_column_div av-zero-column-padding  '     ><style type=\"text\/css\" data-created_by=\"avia_inline_auto\" id=\"style-css-av-ot1wi-07ad2c4e3ec569a4b28f5386bbbc2b0d\">\n#top .avia-icon-list-container.av-ot1wi-07ad2c4e3ec569a4b28f5386bbbc2b0d .iconlist_icon{\ncolor:#ffffff;\nbackground-color:#ee7401;\nborder:1px solid #ee7401;\n}\n#top .avia-icon-list-container.av-ot1wi-07ad2c4e3ec569a4b28f5386bbbc2b0d .iconlist_icon svg:first-child{\nstroke:#ffffff;\nfill:#ffffff;\n}\n<\/style>\n<div  class='avia-icon-list-container av-ot1wi-07ad2c4e3ec569a4b28f5386bbbc2b0d  avia-builder-el-4  avia-builder-el-no-sibling '><ul class='avia-icon-list avia_animate_when_almost_visible avia-icon-list-left av-iconlist-big av-ot1wi-07ad2c4e3ec569a4b28f5386bbbc2b0d avia-iconlist-animate'>\n<li><div class='iconlist_icon av-88ga2-0526880f83f8c29833895d0a30613fb1 avia-font-entypo-fontello avia-iconfont avia-font-entypo-fontello'><span class='av-icon-char' data-av_icon='\ue81c' data-av_iconfont='entypo-fontello' aria-hidden=\"true\"><\/span><\/div><article class=\"article-icon-entry \" ><div class=\"iconlist_content_wrap\"><header class=\"entry-content-header\" aria-label=\"Icona:  Quali sono i vostri orari di apertura?\"><h4 class='av_iconlist_title iconlist_title  ' > Quali sono i vostri orari di apertura?<\/h4><\/header><div class='iconlist_content ' ><p><strong>I nostri orari di apertura sono: <\/strong><\/p>\n<p>da luned\u00ec a venerd\u00ec dalle 9:00 alle 17:30 senza interruzioni.<\/p>\n<p><strong>Orari speciali: <\/strong><\/p>\n<p>Venerd\u00ec Santo: 03 aprile 2026 \u2013 chiuso<\/p>\n<p>Luned\u00ec di Pasqua: 06 aprile 2026 \u2013 chiuso<\/p>\n<p>Ascensione: 14 maggio 2026 \u2013 chiuso<\/p>\n<p>Luned\u00ec di Pentecoste: 25 maggio 2026 \u2013 chiuso<\/p>\n<p>Festa Federale: 01 agosto 2026 \u2013 chiuso<\/p>\n<p>Giorno Federale di Ringraziamento, Penitenza e Preghiera: 20 settembre 2026 \u2013 chiuso<\/p>\n<p>Natale: 25 dicembre 2026 \u2013 chiuso<\/p>\n<p>Santo Stefano: 26 dicembre 2026 \u2013 chiuso<\/p>\n<\/div><\/div><footer class=\"entry-footer\"><\/footer><\/article><div class=\"iconlist-timeline\"><\/div><\/li>\n<li><div class='iconlist_icon av-j2rz6-af1e5ec3e5d6f6908a552804a31e18c0 avia-font-entypo-fontello avia-iconfont avia-font-entypo-fontello'><span class='av-icon-char' data-av_icon='\ue81c' data-av_iconfont='entypo-fontello' aria-hidden=\"true\"><\/span><\/div><article class=\"article-icon-entry \" ><div class=\"iconlist_content_wrap\"><header class=\"entry-content-header\" aria-label=\"Icona: Wieviele der verlorenen Schl\u00fcssel kommen zur\u00fcck?\"><h4 class='av_iconlist_title iconlist_title  ' >Wieviele der verlorenen Schl\u00fcssel kommen zur\u00fcck?<\/h4><\/header><div class='iconlist_content ' ><p>Tausende verlorene Schl\u00fcssel werden jedes Jahr in der Schweiz zur\u00fcckgeschickt. Das sind ca. 90-95% aller verlorenen Schl\u00fcssel. Die Wahrscheinlichkeit ist mit diesem System am gr\u00f6ssten, dass Sie die Schl\u00fcssel zur\u00fcck bekommen.<\/p>\n<\/div><\/div><footer class=\"entry-footer\"><\/footer><\/article><div class=\"iconlist-timeline\"><\/div><\/li>\n<li><div class='iconlist_icon av-1wxt4a-6c4fab5d8a78866d4590d901d20e3d83 avia-font-entypo-fontello avia-iconfont avia-font-entypo-fontello'><span class='av-icon-char' data-av_icon='\ue81c' data-av_iconfont='entypo-fontello' aria-hidden=\"true\"><\/span><\/div><article class=\"article-icon-entry \" ><div class=\"iconlist_content_wrap\"><header class=\"entry-content-header\" aria-label=\"Icona: Funktionierte der Schl\u00fcsselfund Service auch im Ausland?\"><h4 class='av_iconlist_title iconlist_title  ' >Funktionierte der Schl\u00fcsselfund Service auch im Ausland?<\/h4><\/header><div class='iconlist_content ' ><p>Er funktioniert auch im Ausland. Auf jeden Fall in Europa. Es h\u00e4ngt nat\u00fcrlich von dem jeweiligen Finder ab. Es kamen aber auch schon Schl\u00fcssel aus \u00dcbersee zur\u00fcck.<\/p>\n<\/div><\/div><footer class=\"entry-footer\"><\/footer><\/article><div class=\"iconlist-timeline\"><\/div><\/li>\n<li><div class='iconlist_icon av-ebl62-01a2c0a17396302525c366e622e77f26 avia-font-entypo-fontello avia-iconfont avia-font-entypo-fontello'><span class='av-icon-char' data-av_icon='\ue81c' data-av_iconfont='entypo-fontello' aria-hidden=\"true\"><\/span><\/div><article class=\"article-icon-entry \" ><div class=\"iconlist_content_wrap\"><header class=\"entry-content-header\" aria-label=\"Icona: Verl\u00e4ngert sich der Schl\u00fcsselfund-Service automatisch?\"><h4 class='av_iconlist_title iconlist_title  ' >Verl\u00e4ngert sich der Schl\u00fcsselfund-Service automatisch?<\/h4><\/header><div class='iconlist_content ' ><p>Nein, Sie werden bei Ablauf der Garantie(periode) rechtzeitig schriftlich dazu eingeladen. Es besteht keine Verpflichtung zur Verl\u00e4ngerung.<\/p>\n<\/div><\/div><footer class=\"entry-footer\"><\/footer><\/article><div class=\"iconlist-timeline\"><\/div><\/li>\n<li><div class='iconlist_icon av-1m0wtu-8647a932bec035eda88eedc0e0b63896 avia-font-entypo-fontello avia-iconfont avia-font-entypo-fontello'><span class='av-icon-char' data-av_icon='\ue81c' data-av_iconfont='entypo-fontello' aria-hidden=\"true\"><\/span><\/div><article class=\"article-icon-entry \" ><div class=\"iconlist_content_wrap\"><header class=\"entry-content-header\" aria-label=\"Icona: Kann ich mit dem Anh\u00e4nger alle Einkaufswagen aufschliessen?\"><h4 class='av_iconlist_title iconlist_title  ' >Kann ich mit dem Anh\u00e4nger alle Einkaufswagen aufschliessen?<\/h4><\/header><div class='iconlist_content ' ><p>Ja, Sie k\u00f6nnen alle Einkaufswagen aufschliessen bei denen man eine M\u00fcnze von vorne reinschieben muss. Einkaufswagen bei denen Sie M\u00fcnzen von oben einlegen m\u00fcssen, k\u00f6nnen mit dem Anh\u00e4nger nicht ge\u00f6ffnet werden. Migros, Coop, Aldi, Lidl und viele mehr, haben Wagen bei denen der Anh\u00e4nger funktioniert. Kurz ganz hineinstecken und gleich wieder herausziehen und das Kettenschloss sollte aufgehen, bzw. helfen sie ein wenig nach. Dann gehen Sie wie gewohnt einkaufen.<\/p>\n<\/div><\/div><footer class=\"entry-footer\"><\/footer><\/article><div class=\"iconlist-timeline\"><\/div><\/li>\n<li><div class='iconlist_icon av-1gn1nu-5c0fd09543105d2c18a198ca40c6d1f3 avia-font-entypo-fontello avia-iconfont avia-font-entypo-fontello'><span class='av-icon-char' data-av_icon='\ue81c' data-av_iconfont='entypo-fontello' aria-hidden=\"true\"><\/span><\/div><article class=\"article-icon-entry \" ><div class=\"iconlist_content_wrap\"><header class=\"entry-content-header\" aria-label=\"Icona: Muss man etwas f\u00fcr die R\u00fccksendung der Schl\u00fcssel bezahlen?\"><h4 class='av_iconlist_title iconlist_title  ' >Muss man etwas f\u00fcr die R\u00fccksendung der Schl\u00fcssel bezahlen?<\/h4><\/header><div class='iconlist_content ' ><p>Nein, bei uns ist alles inklusive. Alle Dienste sind vollumf\u00e4nglich gedeckt. Adressanpassungen, Ersatz verlorener Anh\u00e4nger und R\u00fcckversand.<\/p>\n<\/div><\/div><footer class=\"entry-footer\"><\/footer><\/article><div class=\"iconlist-timeline\"><\/div><\/li>\n<li><div class='iconlist_icon av-88ga2-1-3a9ce645ba007de5867f6b57ef3c0cfd avia-font-entypo-fontello avia-iconfont avia-font-entypo-fontello'><span class='av-icon-char' data-av_icon='\ue81c' data-av_iconfont='entypo-fontello' aria-hidden=\"true\"><\/span><\/div><article class=\"article-icon-entry \" ><div class=\"iconlist_content_wrap\"><header class=\"entry-content-header\" aria-label=\"Icona: Wenn ich Anh\u00e4nger verliere muss ich einen neuen Schl\u00fcsselanh\u00e4nger kaufen?\"><h4 class='av_iconlist_title iconlist_title  ' >Wenn ich Anh\u00e4nger verliere muss ich einen neuen Schl\u00fcsselanh\u00e4nger kaufen?<\/h4><\/header><div class='iconlist_content ' ><p>Bei anderen Anbietern m\u00fcssen Sie einen neuen Schl\u00fcsselanh\u00e4nger bestellen. Bei uns nicht. Informieren Sie uns und Sie bekommen einen Neuen kostenlos zugesendet.<\/p>\n<\/div><\/div><footer class=\"entry-footer\"><\/footer><\/article><div class=\"iconlist-timeline\"><\/div><\/li>\n<\/ul><\/div><\/div>\n<style type=\"text\/css\" data-created_by=\"avia_inline_auto\" id=\"style-css-av-9ovmi-7a4290af363f7b6e342bf6209a1c261e\">\n.flex_column.av-9ovmi-7a4290af363f7b6e342bf6209a1c261e{\nborder-radius:0px 0px 0px 0px;\npadding:0px 0px 0px 0px;\n}\n<\/style>\n<div  class='flex_column av-9ovmi-7a4290af363f7b6e342bf6209a1c261e av_one_half  avia-builder-el-5  el_after_av_one_half  avia-builder-el-last  flex_column_div av-zero-column-padding  '     ><style type=\"text\/css\" data-created_by=\"avia_inline_auto\" id=\"style-css-av-ot1wi-2-9f83eaf3ca8017b0f7ca88c6a15cabe8\">\n#top .avia-icon-list-container.av-ot1wi-2-9f83eaf3ca8017b0f7ca88c6a15cabe8 .iconlist_icon{\ncolor:#ffffff;\nbackground-color:#ee7401;\nborder:1px solid #ee7401;\n}\n#top .avia-icon-list-container.av-ot1wi-2-9f83eaf3ca8017b0f7ca88c6a15cabe8 .iconlist_icon svg:first-child{\nstroke:#ffffff;\nfill:#ffffff;\n}\n<\/style>\n<div  class='avia-icon-list-container av-ot1wi-2-9f83eaf3ca8017b0f7ca88c6a15cabe8  avia-builder-el-6  avia-builder-el-no-sibling '><ul class='avia-icon-list avia_animate_when_almost_visible avia-icon-list-left av-iconlist-big av-ot1wi-2-9f83eaf3ca8017b0f7ca88c6a15cabe8 avia-iconlist-animate'>\n<li><div class='iconlist_icon av-93lf6-7f9db7843006fa307a8acb88009617a1 avia-font-entypo-fontello avia-iconfont avia-font-entypo-fontello'><span class='av-icon-char' data-av_icon='\ue81c' data-av_iconfont='entypo-fontello' aria-hidden=\"true\"><\/span><\/div><article class=\"article-icon-entry \" ><div class=\"iconlist_content_wrap\"><header class=\"entry-content-header\" aria-label=\"Icona: Wie weiss der Finder was er tun muss?\"><h4 class='av_iconlist_title iconlist_title  ' >Wie weiss der Finder was er tun muss?<\/h4><\/header><div class='iconlist_content ' ><p>Der Finder sieht auf dem Anh\u00e4nger, dass er den Schl\u00fcsselbund in den n\u00e4chsten Post-Briefkasten werfen soll.\u00a0 Die meisten Personen machen es einfach. Wir kontaktieren Sie und Sie erhalten den Schl\u00fcssel umgehend mit der Post. <span class=\"\">E<\/span>s kommt auch vor, dass der Finder BIK direkt kontaktiert. Wir geben Ihnen sofort Bescheid.<\/p>\n<\/div><\/div><footer class=\"entry-footer\"><\/footer><\/article><div class=\"iconlist-timeline\"><\/div><\/li>\n<li><div class='iconlist_icon av-yq2iy-fe2e74f900119259e837142b5536d2e5 avia-font-entypo-fontello avia-iconfont avia-font-entypo-fontello'><span class='av-icon-char' data-av_icon='\ue81c' data-av_iconfont='entypo-fontello' aria-hidden=\"true\"><\/span><\/div><article class=\"article-icon-entry \" ><div class=\"iconlist_content_wrap\"><header class=\"entry-content-header\" aria-label=\"Icona: Kann ich den Dienst auf jemand anderen \u00fcbertragen?\"><h4 class='av_iconlist_title iconlist_title  ' >Kann ich den Dienst auf jemand anderen \u00fcbertragen?<\/h4><\/header><div class='iconlist_content ' ><p>Ja, das k\u00f6nnen Sie. Kontaktieren Sie uns mit Ihrer Schl\u00fcsselanh\u00e4nger Nummer und wir \u00e4ndern es. Per Mail oder Telefon.<\/p>\n<\/div><\/div><footer class=\"entry-footer\"><\/footer><\/article><div class=\"iconlist-timeline\"><\/div><\/li>\n<li><div class='iconlist_icon av-2txyq-129242099b25e6e3091009cf42179ad1 avia-font-entypo-fontello avia-iconfont avia-font-entypo-fontello'><span class='av-icon-char' data-av_icon='\ue81c' data-av_iconfont='entypo-fontello' aria-hidden=\"true\"><\/span><\/div><article class=\"article-icon-entry \" ><div class=\"iconlist_content_wrap\"><header class=\"entry-content-header\" aria-label=\"Icona: Wie kann ich herausfinden ob der Dienst noch funktioniert\"><h4 class='av_iconlist_title iconlist_title  ' >Wie kann ich herausfinden ob der Dienst noch funktioniert<\/h4><\/header><div class='iconlist_content ' ><p>Der Dienst ist normalerweise 8 Jahre g\u00fcltig. Bitte sehen Sie zuerst auf Ihrer Garantiekarte nach. Sie werden nach Ablauf angeschrieben ob Sie den Dienst verl\u00e4ngern wollen. Wenn Sie Ihre Karte nicht mehr finden k\u00f6nnen, dann senden Sie uns per E-Mail Ihre Anh\u00e4ngernummer\/n oder rufen Sie uns w\u00e4hrend B\u00fcrozeiten an. Wir geben Ihnen dann Bescheid.<\/p>\n<\/div><\/div><footer class=\"entry-footer\"><\/footer><\/article><div class=\"iconlist-timeline\"><\/div><\/li>\n<li><div class='iconlist_icon av-8aw8q-7461b168c0bfe143afb2b0d23ca7ae4b avia-font-entypo-fontello avia-iconfont avia-font-entypo-fontello'><span class='av-icon-char' data-av_icon='\ue81c' data-av_iconfont='entypo-fontello' aria-hidden=\"true\"><\/span><\/div><article class=\"article-icon-entry \" ><div class=\"iconlist_content_wrap\"><header class=\"entry-content-header\" aria-label=\"Icona: Was muss ich machen um die Adresse zu \u00e4ndern?\"><h4 class='av_iconlist_title iconlist_title  ' >Was muss ich machen um die Adresse zu \u00e4ndern?<\/h4><\/header><div class='iconlist_content ' ><div class=\"\">Klicken Sie auf der Startseite auf Adress\u00e4nderung bzw. gleich <a href=\"https:\/\/bik-ag.ch\/it\/adressaenderung\/\">hier<\/a> und senden Sie uns Ihre neuen Adressdaten.<\/div>\n<div class=\"\">Unser Service beinhaltet eine aufw\u00e4ndige, j\u00e4hrliche Adresserneuerung in Zusammenarbeit mit der schweizerischen Post. Bitte <a href=\"https:\/\/bik-ag.ch\/it\/adressaenderung\/\">kontaktieren<\/a> Sie uns auf jeden Fall trotzdem, wenn sich Ihre Adresse \u00e4ndert. Sicher ist sicher.<\/div>\n<\/div><\/div><footer class=\"entry-footer\"><\/footer><\/article><div class=\"iconlist-timeline\"><\/div><\/li>\n<li><div class='iconlist_icon av-1bpsy-e95e91a8e38bec730cc0cbd9a33a93e8 avia-font-entypo-fontello avia-iconfont avia-font-entypo-fontello'><span class='av-icon-char' data-av_icon='\ue81c' data-av_iconfont='entypo-fontello' aria-hidden=\"true\"><\/span><\/div><article class=\"article-icon-entry \" ><div class=\"iconlist_content_wrap\"><header class=\"entry-content-header\" aria-label=\"Icona: Was w\u00fcrde passieren, wenn es Ihre Firma nicht mehr geben w\u00fcrde?\"><h4 class='av_iconlist_title iconlist_title  ' >Was w\u00fcrde passieren, wenn es Ihre Firma nicht mehr geben w\u00fcrde?<\/h4><\/header><div class='iconlist_content ' ><p>Es gibt es unsere Firma seit \u00fcber 40 Jahren und es steckt das Herzblut von hingebungsvollen Menschen darin, die seit 1982 daf\u00fcr sorgen, dass unsere Firma existenzf\u00e4hig ist und bleibt. Mit mehr als 250.000 Kunden werden wir unsere Dienstleistungen weiterhin &#8211; f\u00fcr die n\u00e4chsten Jahrzehnte &#8211; anbieten k\u00f6nnen.<\/p>\n<\/div><\/div><footer class=\"entry-footer\"><\/footer><\/article><div class=\"iconlist-timeline\"><\/div><\/li>\n<li><div class='iconlist_icon av-7lay2-d7d8e4d97d83bc66ffa72bc4ab601286 avia-font-entypo-fontello avia-iconfont avia-font-entypo-fontello'><span class='av-icon-char' data-av_icon='\ue81c' data-av_iconfont='entypo-fontello' aria-hidden=\"true\"><\/span><\/div><article class=\"article-icon-entry \" ><div class=\"iconlist_content_wrap\"><header class=\"entry-content-header\" aria-label=\"Icona: Werden meine Daten f\u00fcr andere Werbezwecke verwendet? \"><h4 class='av_iconlist_title iconlist_title  ' >Werden meine Daten f\u00fcr andere Werbezwecke verwendet? <\/h4><\/header><div class='iconlist_content ' ><p>Nein, Ihre Daten werden vertraulich behandelt. Die Daten sind im Internet NICHT zug\u00e4nglich. Sie werden NUR intern verwendet und nicht an Dritte weitergegeben. Aus Sicherheitsgr\u00fcnden stellen wir Adresslisten oder Schl\u00fcsselnummernlisten niemals ins Internet. Dieses Vertrauen niemals zu entt\u00e4uschen, ist sicher ein Teil unseres Erfolges.<\/p>\n<\/div><\/div><footer class=\"entry-footer\"><\/footer><\/article><div class=\"iconlist-timeline\"><\/div><\/li>\n<\/ul><\/div><\/div>\n","protected":false},"excerpt":{"rendered":"","protected":false},"author":1,"featured_media":0,"parent":0,"menu_order":0,"comment_status":"closed","ping_status":"closed","template":"","meta":{"footnotes":""},"class_list":["post-1045","page","type-page","status-publish","hentry"],"_links":{"self":[{"href":"https:\/\/bik-ag.ch\/it\/wp-json\/wp\/v2\/pages\/1045","targetHints":{"allow":["GET"]}}],"collection":[{"href":"https:\/\/bik-ag.ch\/it\/wp-json\/wp\/v2\/pages"}],"about":[{"href":"https:\/\/bik-ag.ch\/it\/wp-json\/wp\/v2\/types\/page"}],"author":[{"embeddable":true,"href":"https:\/\/bik-ag.ch\/it\/wp-json\/wp\/v2\/users\/1"}],"replies":[{"embeddable":true,"href":"https:\/\/bik-ag.ch\/it\/wp-json\/wp\/v2\/comments?post=1045"}],"version-history":[{"count":7,"href":"https:\/\/bik-ag.ch\/it\/wp-json\/wp\/v2\/pages\/1045\/revisions"}],"predecessor-version":[{"id":5056,"href":"https:\/\/bik-ag.ch\/it\/wp-json\/wp\/v2\/pages\/1045\/revisions\/5056"}],"wp:attachment":[{"href":"https:\/\/bik-ag.ch\/it\/wp-json\/wp\/v2\/media?parent=1045"}],"curies":[{"name":"wp","href":"https:\/\/api.w.org\/{rel}","templated":true}]}}