{"id":615,"date":"2020-10-09T12:57:13","date_gmt":"2020-10-09T12:57:13","guid":{"rendered":"https:\/\/bik-ag.ch.tiberius.sui-inter.net\/?post_type=product&#038;p=615"},"modified":"2023-03-28T12:33:30","modified_gmt":"2023-03-28T12:33:30","slug":"sternzeichen-krebs","status":"publish","type":"product","link":"https:\/\/bik-ag.ch\/it\/bestellung\/schluesselplakette-it\/sternzeichen-krebs\/","title":{"rendered":"Sternzeichen Krebs"},"content":{"rendered":"<div class=\"\"><b class=\"\">Unsere BIK Schl\u00fcsselplaketten<\/b><\/div>\r\n<div class=\"\"><\/div>\r\n<div class=\"\">Bestellen Sie unsere meistverkaufte Standardplakette oder Plaketten mit Sternzeichen oder Schweizer Kreuz darauf. Sicherheitsanh\u00e4nger aus h\u00e4rtestem Neusilber \u2013 mit Ihrer pers\u00f6nlichen Code-Nummer.<\/div>\r\n<div class=\"\"><\/div>\r\n<div class=\"\"><b class=\"\">Eine Sorge weniger: <\/b>Wenn der Schl\u00fcssel verloren geht, werfen ihn 95% aller Finder in den n\u00e4chsten Postkasten oder kontaktieren BIK. So bekommen Sie Ihre Schl\u00fcssel rasch wieder. Das spart viel \u00c4rger und Geld.<\/div>\r\n<div class=\"\"><\/div>\r\n<div class=\"\"><b class=\"\">Alles inklusive:<\/b> Sie erhalten nach Bestellung Ihre Schl\u00fcsselplaketten mit einem Garantiezertifikat f\u00fcr 8 Jahre und ihrer individuellen Nummer. Bei uns sind eingeschriebene R\u00fccksendungen, neue Plaketten bei Verlust und alle Adress\u00e4nderungen inklusive. Plaketten sind nach R\u00fccksprache \u00fcbertragbar. Keine automatische Verl\u00e4ngerung. Sie werden benachrichtigt ob Sie verl\u00e4ngern m\u00f6chten.<\/div>\r\n<div class=\"\"><\/div>\r\n<div class=\"\"><b class=\"\">Wieviele Plaketten? <\/b><span class=\"\">Vergessen Sie nicht gen\u00fcgend Plaketten f\u00fcr alle Schl\u00fcsselbunde in Ihrem Haushalt zu bestellen. BIK gibt es seit\u00a0 fast 40 Jahren. Auf uns k\u00f6nnen Sie sich verlassen.\u00a0<\/span><\/div>\r\n<div class=\"\"><\/div>\r\n<div class=\"\"><b class=\"\">R\u00fcckseite Text: <\/b><span class=\"\">Bitte werfen Sie mich unverpackt in einen Post-Briefkasten, danke! A deposer dans la prochaine boite postale merci! Per favore buttare nella prossima casetta postale. Grazie!<\/span><\/div>\r\n<div class=\"\"><\/div>\r\n<div class=\"\"><b class=\"\">Lieferkosten Schweiz und Lichtenstein<\/b>\r\nab Fr. 100.- kostenlos, unter Fr. 100.- werden Fr 2.- pro Bestellung erhoben.<\/div>\r\n<div class=\"\"><\/div>\r\n<div class=\"\"><b class=\"\">Lieferkosten f\u00fcr Deutschland, \u00d6sterreich, Italien und Frankreich<\/b>\r\npauschal Fr 4.- pro Bestellung.<\/div>\n","protected":false},"excerpt":{"rendered":"<p>21. Mai &#8211; 21. Juni<\/p>\n[av_postcontent link='page,786' av_uid='']\n","protected":false},"featured_media":597,"template":"","meta":[],"product_brand":[],"product_cat":[21,22],"product_tag":[85,84,91,86,89,83,105,82,92,90,106,88,87],"class_list":{"0":"post-615","1":"product","2":"type-product","3":"status-publish","4":"has-post-thumbnail","6":"product_cat-schluesselplakette","7":"product_cat-sternzeichen","8":"product_tag-geburtstag","9":"product_tag-geschenk","10":"product_tag-intelligentes-geschenk","11":"product_tag-muttertag","12":"product_tag-praktisches-geschenk","13":"product_tag-schluesselanhaenger","14":"product_tag-schluesselbund","15":"product_tag-schluesselplakete","16":"product_tag-symbolisches-geschenk","17":"product_tag-unter-100-franken-geschenk","18":"product_tag-valentinstag","19":"product_tag-vatertag","20":"product_tag-weihnacht","22":"first","23":"instock","24":"taxable","25":"shipping-taxable","26":"purchasable","27":"product-type-simple"},"_links":{"self":[{"href":"https:\/\/bik-ag.ch\/it\/wp-json\/wp\/v2\/product\/615","targetHints":{"allow":["GET"]}}],"collection":[{"href":"https:\/\/bik-ag.ch\/it\/wp-json\/wp\/v2\/product"}],"about":[{"href":"https:\/\/bik-ag.ch\/it\/wp-json\/wp\/v2\/types\/product"}],"wp:featuredmedia":[{"embeddable":true,"href":"https:\/\/bik-ag.ch\/it\/wp-json\/wp\/v2\/media\/597"}],"wp:attachment":[{"href":"https:\/\/bik-ag.ch\/it\/wp-json\/wp\/v2\/media?parent=615"}],"wp:term":[{"taxonomy":"product_brand","embeddable":true,"href":"https:\/\/bik-ag.ch\/it\/wp-json\/wp\/v2\/product_brand?post=615"},{"taxonomy":"product_cat","embeddable":true,"href":"https:\/\/bik-ag.ch\/it\/wp-json\/wp\/v2\/product_cat?post=615"},{"taxonomy":"product_tag","embeddable":true,"href":"https:\/\/bik-ag.ch\/it\/wp-json\/wp\/v2\/product_tag?post=615"}],"curies":[{"name":"wp","href":"https:\/\/api.w.org\/{rel}","templated":true}]}}